{"id":106,"date":"2016-07-31T09:28:21","date_gmt":"2016-07-31T09:28:21","guid":{"rendered":"http:\/\/www.binecuvantareaplantelor.ro\/site\/?post_type=product&#038;p=106"},"modified":"2020-07-19T12:55:14","modified_gmt":"2020-07-19T12:55:14","slug":"joniline-sampon-nutri-cu-ulei-de-argan-si-coada-calului","status":"publish","type":"product","link":"https:\/\/www.binecuvantareaplantelor.ro\/site\/magazin\/ingrijire\/par\/joniline-sampon-nutri-cu-ulei-de-argan-si-coada-calului\/","title":{"rendered":"Joniline Sampon Nutri cu ulei de Argan si Coada Calului"},"content":{"rendered":"<p>Sampon cu ulei natural de argan si extract de coada calului . Confera parului protectie si stralucire intensa.<\/p>\n<p>Aceast\u0103 formul\u0103 de ulei are grija de par de la scalp pana la varfuri asigurandu-i\u00a0stralucirea naturala ,protejandu-l de atacul factorilor externi diversi dar \u0219i intretinandu-i prospetimea si stralucirea culorii.<\/p>\n<p>Mod de utilizare : Aplicati pe parul umed, samponati si\u00a0masati usor, apoi clatiti\u00a0abundent.<\/p>\n<p>Aplicati o cantitate adecvat\u0103 pe parul umed. Masati cu grij\u0103 . Las\u0103 pe timp de c\u00e2teva minute \u0219i cl\u0103titi abundent.<\/p>\n<p>Recomandari: pentru toate tipurile de par.<\/p>\n","protected":false},"excerpt":{"rendered":"<h3><strong>Tel. 0751 157 304\u00a0\u00a0<\/strong><\/h3>\n<p>Livrare prin curier rapid : 20 lei<\/p>\n<p><strong>TRANSPORT GRATUIT LA COMENZILE PESTE 150 LEI !<\/strong><\/p>\n<ul>\n<li>\u0218ampon cu ulei natural de argan \u0219i extract de coada calului.<\/li>\n<li>Confer\u0103 p\u0103rului protec\u021bie \u0219i str\u0103lucire intens\u0103.<\/li>\n<li>Recomand\u0103ri: pentru toate tipurile de p\u0103r.<\/li>\n<\/ul>\n","protected":false},"featured_media":108,"comment_status":"open","ping_status":"closed","template":"","meta":[],"product_brand":[],"product_cat":[11,13],"product_tag":[],"class_list":{"0":"post-106","1":"product","2":"type-product","3":"status-publish","4":"has-post-thumbnail","6":"product_cat-ingrijire","7":"product_cat-par","9":"first","10":"instock","11":"sale","12":"taxable","13":"shipping-taxable","14":"purchasable","15":"product-type-simple"},"_links":{"self":[{"href":"https:\/\/www.binecuvantareaplantelor.ro\/site\/wp-json\/wp\/v2\/product\/106","targetHints":{"allow":["GET"]}}],"collection":[{"href":"https:\/\/www.binecuvantareaplantelor.ro\/site\/wp-json\/wp\/v2\/product"}],"about":[{"href":"https:\/\/www.binecuvantareaplantelor.ro\/site\/wp-json\/wp\/v2\/types\/product"}],"replies":[{"embeddable":true,"href":"https:\/\/www.binecuvantareaplantelor.ro\/site\/wp-json\/wp\/v2\/comments?post=106"}],"wp:featuredmedia":[{"embeddable":true,"href":"https:\/\/www.binecuvantareaplantelor.ro\/site\/wp-json\/wp\/v2\/media\/108"}],"wp:attachment":[{"href":"https:\/\/www.binecuvantareaplantelor.ro\/site\/wp-json\/wp\/v2\/media?parent=106"}],"wp:term":[{"taxonomy":"product_brand","embeddable":true,"href":"https:\/\/www.binecuvantareaplantelor.ro\/site\/wp-json\/wp\/v2\/product_brand?post=106"},{"taxonomy":"product_cat","embeddable":true,"href":"https:\/\/www.binecuvantareaplantelor.ro\/site\/wp-json\/wp\/v2\/product_cat?post=106"},{"taxonomy":"product_tag","embeddable":true,"href":"https:\/\/www.binecuvantareaplantelor.ro\/site\/wp-json\/wp\/v2\/product_tag?post=106"}],"curies":[{"name":"wp","href":"https:\/\/api.w.org\/{rel}","templated":true}]}}