{"id":113,"date":"2016-07-31T09:31:04","date_gmt":"2016-07-31T09:31:04","guid":{"rendered":"http:\/\/www.binecuvantareaplantelor.ro\/site\/?post_type=product&#038;p=113"},"modified":"2020-07-19T12:51:40","modified_gmt":"2020-07-19T12:51:40","slug":"honey-sampon-par-cu-miere-naturala-pura","status":"publish","type":"product","link":"https:\/\/www.binecuvantareaplantelor.ro\/site\/magazin\/ingrijire\/par\/honey-sampon-par-cu-miere-naturala-pura\/","title":{"rendered":"Honey Sampon pentru Par"},"content":{"rendered":"<p>Sampon cu miere naturala PURA,\u00a0bogat in nutrienti. Confera fermitate si stralucire.<\/p>\n<p>Mod de utilizare : Aplicati pe parul umed, samponati \u00a0si\u00a0masati usor, apoi clatiti\u00a0abundent.<\/p>\n<p>Recomandari: pentru toate tipurile de par.<\/p>\n<p><strong>De ce produse de ingrijire a parului pe baza de miere HONEY?<\/strong><\/p>\n<p>Cunoscuta de sute de ani ca &#8222;fantana a tineretii&#8221; \u00a0pentru piele si par, mierea\u00a0este cunoscuta drept un umectant si un emolient\u00a0foarte bun care ajuta firul de par sa retina apa si sa fie astfel in permanenta hidratat\u00a0cu\u00a0o textura matasoasa.<\/p>\n<p>Fiind\u00a0deasemenea\u00a0bogata in vitamine si minerale , produsele de ingrijire pe baza de miere te vor ajuta sa ai un\u00a0par mai sanatos si mai stralucitor. In plus, proprietatile sale antibacteriene si antioxidante iti mentin scalpul sanatos si ajuta la cresterea mai rapida a parului.<\/p>\n","protected":false},"excerpt":{"rendered":"<div class=\"woocommerce-product-details__short-description\">\n<h3><strong>Tel. 0751 157 304\u00a0\u00a0<\/strong><\/h3>\n<p>Livrare prin curier rapid : 20 lei<\/p>\n<p><strong>TRANSPORT GRATUIT LA COMENZILE PESTE 150 LEI !<\/strong><\/p>\n<ul>\n<li>\u0218ampon cu miere natural\u0103 PUR\u0102, bogat \u00een nutrien\u021bi.<\/li>\n<li>Confer\u0103 fermitate \u0219i str\u0103lucire firului de p\u0103r.<\/li>\n<li>Recomandat: pentru toate tipurile de p\u0103r.<\/li>\n<\/ul>\n<h5><\/h5>\n<\/div>\n<form class=\"cart\" action=\"http:\/\/binecuvantareaplantelor.ro\/produs\/honey-sampon-pentru-par\/\" enctype=\"multipart\/form-data\" method=\"post\"><\/form>\n","protected":false},"featured_media":114,"comment_status":"open","ping_status":"closed","template":"","meta":[],"product_brand":[],"product_cat":[11,13],"product_tag":[],"class_list":{"0":"post-113","1":"product","2":"type-product","3":"status-publish","4":"has-post-thumbnail","6":"product_cat-ingrijire","7":"product_cat-par","9":"first","10":"instock","11":"sale","12":"taxable","13":"shipping-taxable","14":"purchasable","15":"product-type-simple"},"_links":{"self":[{"href":"https:\/\/www.binecuvantareaplantelor.ro\/site\/wp-json\/wp\/v2\/product\/113","targetHints":{"allow":["GET"]}}],"collection":[{"href":"https:\/\/www.binecuvantareaplantelor.ro\/site\/wp-json\/wp\/v2\/product"}],"about":[{"href":"https:\/\/www.binecuvantareaplantelor.ro\/site\/wp-json\/wp\/v2\/types\/product"}],"replies":[{"embeddable":true,"href":"https:\/\/www.binecuvantareaplantelor.ro\/site\/wp-json\/wp\/v2\/comments?post=113"}],"wp:featuredmedia":[{"embeddable":true,"href":"https:\/\/www.binecuvantareaplantelor.ro\/site\/wp-json\/wp\/v2\/media\/114"}],"wp:attachment":[{"href":"https:\/\/www.binecuvantareaplantelor.ro\/site\/wp-json\/wp\/v2\/media?parent=113"}],"wp:term":[{"taxonomy":"product_brand","embeddable":true,"href":"https:\/\/www.binecuvantareaplantelor.ro\/site\/wp-json\/wp\/v2\/product_brand?post=113"},{"taxonomy":"product_cat","embeddable":true,"href":"https:\/\/www.binecuvantareaplantelor.ro\/site\/wp-json\/wp\/v2\/product_cat?post=113"},{"taxonomy":"product_tag","embeddable":true,"href":"https:\/\/www.binecuvantareaplantelor.ro\/site\/wp-json\/wp\/v2\/product_tag?post=113"}],"curies":[{"name":"wp","href":"https:\/\/api.w.org\/{rel}","templated":true}]}}