{"id":117,"date":"2016-07-31T09:33:08","date_gmt":"2016-07-31T09:33:08","guid":{"rendered":"http:\/\/www.binecuvantareaplantelor.ro\/site\/?post_type=product&#038;p=117"},"modified":"2020-07-19T12:49:00","modified_gmt":"2020-07-19T12:49:00","slug":"naturaphy-sampon-si-gel-de-dus-2-in-1-cu-sare-din-marea-adriatica","status":"publish","type":"product","link":"https:\/\/www.binecuvantareaplantelor.ro\/site\/magazin\/ingrijire\/par\/naturaphy-sampon-si-gel-de-dus-2-in-1-cu-sare-din-marea-adriatica\/","title":{"rendered":"Naturaphy &#8211; Sampon si gel de dus 2 in 1 cu sare din Marea Adriatica"},"content":{"rendered":"<p><strong>Sampon si Gel de dus 2 in 1 cu sare din Marea Adriatica<\/strong> special creat pentru a ingriji si hidrata pielea ta. Bogat in agenti de curatare, cu pH neutru, curata delicat pielea si mentine echilibrul natural al acesteia. Confer\u0103 pielii un miros subtil, foarte pl\u0103cut, las\u00e2nd un sentiment de prospe\u021bime at\u00e2t pe durata zilei c\u00e2t \u0219i a no\u021bii.<\/p>\n<p>&nbsp;<\/p>\n<p><strong>Mod de folosire<\/strong>: Aplicati o cantitate mica pe piele sau parul umed si masati usor pentru a obtine o spuma densa. Clatiti bine.<\/p>\n<p><strong>Recomandari<\/strong>: Numai pentru uz extern. Pentru toate tipurile de piele si par. A nu se lasa la indemana copiilor.<\/p>\n","protected":false},"excerpt":{"rendered":"<h3><strong>Tel. 0751 157 304\u00a0\u00a0<\/strong><\/h3>\n<p>Livrare prin curier rapid : 20 lei<\/p>\n<p><strong>TRANSPORT GRATUIT LA COMENZILE PESTE 150 LEI !<\/strong><\/p>\n<ul>\n<li>Sampon \u0219i gel de du\u0219 2 \u00een 1 cu sare din Marea Adriatic\u0103.<\/li>\n<li>Formula de baz\u0103 delicat\u0103 ajut\u0103 la purificarea \u0219i hidratarea pielii, parfum\u00e2nd-o pl\u0103cut.<\/li>\n<\/ul>\n","protected":false},"featured_media":118,"comment_status":"open","ping_status":"closed","template":"","meta":[],"product_brand":[],"product_cat":[11,13],"product_tag":[],"class_list":{"0":"post-117","1":"product","2":"type-product","3":"status-publish","4":"has-post-thumbnail","6":"product_cat-ingrijire","7":"product_cat-par","9":"first","10":"instock","11":"sale","12":"taxable","13":"shipping-taxable","14":"purchasable","15":"product-type-simple"},"_links":{"self":[{"href":"https:\/\/www.binecuvantareaplantelor.ro\/site\/wp-json\/wp\/v2\/product\/117","targetHints":{"allow":["GET"]}}],"collection":[{"href":"https:\/\/www.binecuvantareaplantelor.ro\/site\/wp-json\/wp\/v2\/product"}],"about":[{"href":"https:\/\/www.binecuvantareaplantelor.ro\/site\/wp-json\/wp\/v2\/types\/product"}],"replies":[{"embeddable":true,"href":"https:\/\/www.binecuvantareaplantelor.ro\/site\/wp-json\/wp\/v2\/comments?post=117"}],"wp:featuredmedia":[{"embeddable":true,"href":"https:\/\/www.binecuvantareaplantelor.ro\/site\/wp-json\/wp\/v2\/media\/118"}],"wp:attachment":[{"href":"https:\/\/www.binecuvantareaplantelor.ro\/site\/wp-json\/wp\/v2\/media?parent=117"}],"wp:term":[{"taxonomy":"product_brand","embeddable":true,"href":"https:\/\/www.binecuvantareaplantelor.ro\/site\/wp-json\/wp\/v2\/product_brand?post=117"},{"taxonomy":"product_cat","embeddable":true,"href":"https:\/\/www.binecuvantareaplantelor.ro\/site\/wp-json\/wp\/v2\/product_cat?post=117"},{"taxonomy":"product_tag","embeddable":true,"href":"https:\/\/www.binecuvantareaplantelor.ro\/site\/wp-json\/wp\/v2\/product_tag?post=117"}],"curies":[{"name":"wp","href":"https:\/\/api.w.org\/{rel}","templated":true}]}}