{"id":119,"date":"2016-07-31T09:35:17","date_gmt":"2016-07-31T09:35:17","guid":{"rendered":"http:\/\/www.binecuvantareaplantelor.ro\/site\/?post_type=product&#038;p=119"},"modified":"2025-04-11T15:33:17","modified_gmt":"2025-04-11T15:33:17","slug":"zeolit-mineral-detoxifiant-100-natural","status":"publish","type":"product","link":"https:\/\/www.binecuvantareaplantelor.ro\/site\/magazin\/produse-pentru-sanatatea-ta-cele-mai-benefice-produse-pentru-organism-iar-totul-este-100-natural\/detoxifiant\/zeolit-mineral-detoxifiant-100-natural\/","title":{"rendered":"ZEOLIT Mineral detoxifiant"},"content":{"rendered":"<p>Zeolitul, (piatra care fierbe), are o structura microporoasa compusa din nanotuburi cu capacitatea de a absorbi si neutraliza radicalii liberi, favorizeaza eliminarea toxinelor din organism, imbunatateste starea energetica la nivel celular (in urma transferului de electroni zeolit-radicali liberi) si normalizeaza sarcina electrostatica a membranei celulare.Mineralul are actiune regulatoare a nivelului Ph-ului sangvin, are actiune pozitiva asupra dezvoltarii si activarii limfocitelor si stimuleaza sistemul imunitar al organismului. Mineralul zeolit reduce stresul oxidativ<\/p>\n<p><strong>Mod de administrare:<\/strong>\u00a0Doza zilnic\u0103 recomandat\u0103 este de c\u00e2te\u00a03 capsule de 2 ori pe zi administrat cu ap\u0103, suc sau ceai, \u00eenainte cu 30 de minute de servirea mesei<\/p>\n<p><strong>Recomandari:<\/strong>\u00a0suplimentele care contin zeolit sunt recomandate in tratamentul bolnavilor care sufera de anumite maladii:<\/p>\n<ul>\n<li>Afectiuni gastro-intestinale: deoarece realizeaza normalizarea secretiei gastrice si previne contractiile spastice si durerea.<\/li>\n<li>Afectiuni gastro-intestinale: deoarece realizeaza normalizarea secretiei gastrice si previne contractiile spastice si durerea.<\/li>\n<li>Afectiuni ale aparatului cardiovascular: normalizeaza ritmul cardiac, tensiunea arteriala, normalizeaza nivelul colesterolului sangvin.<\/li>\n<li>Afectiuni ale sistemului nervos central: elimina tensiunea musculara si spasmele musculare, reduce riscurile atacurilor epileptice, are actiune pozitiva in cazul distrofiilor musculare aflate in stadiu incipient.<\/li>\n<li>Afectiuni hepatice si renale: favorizeaza functionarea in parametri normali a ficatului si rinichilor, reduce valorile la transaminaze, bilirubinei, ureei si creatininei prin imbunatatirea metabolismului si circulatiei.<\/li>\n<li>Afectiuni tumorale: in timpul si dupa tratamentul chimioterapic, reduce nevoia de analgezice si narcotice, creste nivelul de fier sangvin, favorizeaza refacerea celulelor rosii.<\/li>\n<\/ul>\n<p>In cazul persoanelor sanatoase, este recomandat in scopul imbunatatirii calitatii vietii: eliminarea toxinelor, indepartarea stresului oxidativ, scaderea gradului de imbatrinire a celulelor si tesuturilor, marirea randamentului fizic si psihic. In cazul sportivilor, reduce febra musculara.<\/p>\n","protected":false},"excerpt":{"rendered":"<h3><strong>Tel. 0751 157 304\u00a0\u00a0<\/strong><\/h3>\n<p>Livrare prin curier rapid : 20 lei<\/p>\n<p><strong>TRANSPORT GRATUIT LA COMENZILE PESTE 150 LEI !<\/strong><\/p>\n<p>,Piatra care fierbe\u201d este un mineral, o combina\u0163ie de aluminosilica\u0163i de Ca, K, Na \u015fi Mg. Are o structur\u0103 microporoas\u0103, \u00een form\u0103 de fagure, \u00eenc\u0103rcat negativ, caracteristic\u0103 ce-l face unic \u00een regnul mineral. Datorit\u0103 structurii \u015fi \u00eenc\u0103rc\u0103rii negative, atrage toxinele, metalele grele, conduc\u00e2ndu-le \u00een afara corpului, prin tranzitul intestinal.<\/p>\n<p>Este singura substan\u0163\u0103 \u00eenc\u0103rcat\u0103 negativ, ce interac\u0163ioneaz\u0103 direct cu celulele afectate, absoarbe \u015fi neutralizeaz\u0103 radicalii liberi, toxinele, metalele grele. Zeolitul reac\u0163ioneaz\u0103 ca un burete \u015fi absoarbe radicalii liberi, particule cancerigene, virale, bacteriene, metale grele (mercur, plumb, cadmiu, arseniu). Are efect de chelatare \u00een \u00eendep\u0103rtarea metalelor grele, a pesticidelor, ierbicidelor \u015fi a altor substan\u0163e toxice \u00eenc\u0103rcate pozitiv, aflate \u00een organismul nostru, are ac\u0163iune de activare limfocitar\u0103 \u015fi de stimulare a sistemului imunitar. Ce este spectaculos la Zeolit, este faptul cum acesta lucreaz\u0103: capteaz\u0103 metalele grele, radicalii liberi, pesticidele, radia\u0163iile, toxinele, poluan\u0163ii, prinz\u00e2ndu-le ,,ca intr-o capcan\u0103 \u201c, elimin\u00e2ndu-le pe cale natural\u0103. Cre\u0219te\u021bi consumul de ap\u0103 cu minim 2 pahare pe zi, \u00een perioada consumului de Zeolit.<\/p>\n<p><em><strong>Indica\u0163ii:<\/strong><\/em><br \/>\n\u2022 adjuvant \u00een detoxifierea corpului, \u00een intoxica\u0163ia cu metale grele, pesticide, ierbicide, iradiere<br \/>\n\u2022 foarte util \u00een gastrita hiperacid\u0103, infec\u0163ii intestinale, infec\u0163ii virale, parazitare \u015fi bacteriene<br \/>\n\u2022 util \u00een combaterea stresului oxidativ \u015fi \u00een sc\u0103derea gradului de \u00eemb\u0103tr\u00e2nire celular\u0103, optimizeaz\u0103 ph-ul organismului (cu inducerea valorii normale spre alcalin\u0103)<br \/>\n\u2022 normalizarea ritmului cardiac \u015fi tensiunii arteriale, eliberarea tensiunii \u015fi spasmelor musculare, reduce riscurile atacurilor epileptice<br \/>\n\u2022 optimizeaz\u0103 func\u0163ia ficatului \u015fi a rinichilor (prin normalizarea valorii transaminazelor, bilirubinei, creatininei \u015fi ureei sanguine), scade consumul de analgezice \u015fi narcotice cresc\u00e2nd concentra\u0163ia de fier \u00een afec\u0163iunile tumorale.<\/p>\n<p><strong>Mod de administrare:<\/strong>\u00a0Doza zilnic\u0103 recomandat\u0103 este de c\u00e2te 3 capsule de 2 ori pe zi administrat cu ap\u0103, suc sau ceai, \u00eenainte cu 30 de minute de servirea mesei. A se consuma cel pu\u021bin 2,5 litri de ap\u0103 pe zi!<\/p>\n","protected":false},"featured_media":120,"comment_status":"open","ping_status":"closed","template":"","meta":[],"product_brand":[],"product_cat":[7,8],"product_tag":[],"class_list":{"0":"post-119","1":"product","2":"type-product","3":"status-publish","4":"has-post-thumbnail","6":"product_cat-produse-pentru-sanatatea-ta-cele-mai-benefice-produse-pentru-organism-iar-totul-este-100-natural","7":"product_cat-detoxifiant","9":"first","10":"instock","11":"sale","12":"taxable","13":"shipping-taxable","14":"purchasable","15":"product-type-simple"},"_links":{"self":[{"href":"https:\/\/www.binecuvantareaplantelor.ro\/site\/wp-json\/wp\/v2\/product\/119","targetHints":{"allow":["GET"]}}],"collection":[{"href":"https:\/\/www.binecuvantareaplantelor.ro\/site\/wp-json\/wp\/v2\/product"}],"about":[{"href":"https:\/\/www.binecuvantareaplantelor.ro\/site\/wp-json\/wp\/v2\/types\/product"}],"replies":[{"embeddable":true,"href":"https:\/\/www.binecuvantareaplantelor.ro\/site\/wp-json\/wp\/v2\/comments?post=119"}],"wp:featuredmedia":[{"embeddable":true,"href":"https:\/\/www.binecuvantareaplantelor.ro\/site\/wp-json\/wp\/v2\/media\/120"}],"wp:attachment":[{"href":"https:\/\/www.binecuvantareaplantelor.ro\/site\/wp-json\/wp\/v2\/media?parent=119"}],"wp:term":[{"taxonomy":"product_brand","embeddable":true,"href":"https:\/\/www.binecuvantareaplantelor.ro\/site\/wp-json\/wp\/v2\/product_brand?post=119"},{"taxonomy":"product_cat","embeddable":true,"href":"https:\/\/www.binecuvantareaplantelor.ro\/site\/wp-json\/wp\/v2\/product_cat?post=119"},{"taxonomy":"product_tag","embeddable":true,"href":"https:\/\/www.binecuvantareaplantelor.ro\/site\/wp-json\/wp\/v2\/product_tag?post=119"}],"curies":[{"name":"wp","href":"https:\/\/api.w.org\/{rel}","templated":true}]}}