{"id":129,"date":"2016-07-31T09:41:53","date_gmt":"2016-07-31T09:41:53","guid":{"rendered":"http:\/\/www.binecuvantareaplantelor.ro\/site\/?post_type=product&#038;p=129"},"modified":"2020-07-19T11:16:20","modified_gmt":"2020-07-19T11:16:20","slug":"ceai-de-graviola-100-natural","status":"publish","type":"product","link":"https:\/\/www.binecuvantareaplantelor.ro\/site\/magazin\/produse-pentru-sanatatea-ta-cele-mai-benefice-produse-pentru-organism-iar-totul-este-100-natural\/supliment\/ceai-de-graviola-100-natural\/","title":{"rendered":"CEAI DE GRAVIOLA \u2013 ceai din frunze de Graviola"},"content":{"rendered":"<p>Cel mai bun chimist al lumii este natura insasi. Printre plantele minune de pe Pamant este si Graviola (Annona Muricata, Guanabana), un arbore vesnic verde care creste in zonele tropicale si subtropicale. Graviola a devenit recent populara \u00een Occident, dar are o istorie lung\u0103 \u00een remedii din plante vechi \u0219i tratamente traditionale in zonele in care creste acest arbore. Acum e cunoascuta in intreaga lume datorita calitatilor revolutionare, curative si regenerative pentru intreg organismul uman &#8211; vezi articole pe net.<\/p>\n<p>Graviola, un copac din padurea Amazoniana, are un aport foarte important in cresterea gradului de imunitate a organismului, este o sursa naturala bogata in vitamine, fibre, antioxidanti, peptide si uleiuri esentiale. Graviola are peste 100 de fitochimicale acetogenine diferite ce se regasesc in toate partile acestui arbore, fiind una din cele mai cercetate plante.<\/p>\n<p>Se recomanda pentru o stare de bine! Sustine calitatea vietii!<\/p>\n<p><strong>Mod de preparare ceai:<\/strong><\/p>\n<p>Se pun 5-7 gr. de frunze de Graviola pisate intr-o cana de sticla sau ceramica. Se fierb 250 \u2013 350 ml apa. Apa fiarta se toarna apoi in cana peste frunzele pisate. Se acopera si se lasa sa infuzeze 30 \u2013 45 minute. Se strecoara si se poate consuma cald sau rece. Se recomanda pentru indulcire: stevie, sirop de agave sau mesteacan sau miere. Puteti adauga si putin suc de lamaie pentru aroma.<\/p>\n<p><strong>Utilizarea recomandata:<\/strong><\/p>\n<p>Se pot consuma 1 &#8211; 3 cani pe zi, de preferinta cu 30 minute inainte de masa. Utilizati pe perioade scurte de timp, 1-2 luni.<\/p>\n<p><strong>\u00a0<\/strong><\/p>\n<p><strong>Atentionari:<\/strong><\/p>\n<p>A se pastra ferit de caldura, lumina si umiditate. A nu se lasa la indemana copiilor. A nu se depasi doza zilnica recomandata (3 cani). Produsul nostru este 100 % natural, obtinut \u00a0in conformitate cu standardele de calitate ISO 9001 si ISO 22000.<\/p>\n","protected":false},"excerpt":{"rendered":"<h3><strong>Tel. 0751 157 304\u00a0\u00a0<\/strong><\/h3>\n<p>Livrare prin curier rapid : 20 lei<\/p>\n<p><strong>TRANSPORT GRATUIT LA COMENZILE PESTE 150 LEI !<\/strong><\/p>\n<ul>\n<li>S\u0103n\u0103tate din \u2018farmacia\u2019 naturii.<\/li>\n<li>Este un ceai pur 100% din frunze de Graviola pisate.<\/li>\n<li>Sus\u021bine calitatea vie\u021bii.<\/li>\n<\/ul>\n","protected":false},"featured_media":130,"comment_status":"open","ping_status":"closed","template":"","meta":[],"product_brand":[],"product_cat":[7,10],"product_tag":[],"class_list":{"0":"post-129","1":"product","2":"type-product","3":"status-publish","4":"has-post-thumbnail","6":"product_cat-produse-pentru-sanatatea-ta-cele-mai-benefice-produse-pentru-organism-iar-totul-este-100-natural","7":"product_cat-supliment","9":"first","10":"instock","11":"sale","12":"taxable","13":"shipping-taxable","14":"purchasable","15":"product-type-simple"},"_links":{"self":[{"href":"https:\/\/www.binecuvantareaplantelor.ro\/site\/wp-json\/wp\/v2\/product\/129","targetHints":{"allow":["GET"]}}],"collection":[{"href":"https:\/\/www.binecuvantareaplantelor.ro\/site\/wp-json\/wp\/v2\/product"}],"about":[{"href":"https:\/\/www.binecuvantareaplantelor.ro\/site\/wp-json\/wp\/v2\/types\/product"}],"replies":[{"embeddable":true,"href":"https:\/\/www.binecuvantareaplantelor.ro\/site\/wp-json\/wp\/v2\/comments?post=129"}],"wp:featuredmedia":[{"embeddable":true,"href":"https:\/\/www.binecuvantareaplantelor.ro\/site\/wp-json\/wp\/v2\/media\/130"}],"wp:attachment":[{"href":"https:\/\/www.binecuvantareaplantelor.ro\/site\/wp-json\/wp\/v2\/media?parent=129"}],"wp:term":[{"taxonomy":"product_brand","embeddable":true,"href":"https:\/\/www.binecuvantareaplantelor.ro\/site\/wp-json\/wp\/v2\/product_brand?post=129"},{"taxonomy":"product_cat","embeddable":true,"href":"https:\/\/www.binecuvantareaplantelor.ro\/site\/wp-json\/wp\/v2\/product_cat?post=129"},{"taxonomy":"product_tag","embeddable":true,"href":"https:\/\/www.binecuvantareaplantelor.ro\/site\/wp-json\/wp\/v2\/product_tag?post=129"}],"curies":[{"name":"wp","href":"https:\/\/api.w.org\/{rel}","templated":true}]}}