{"id":142,"date":"2016-07-31T09:51:02","date_gmt":"2016-07-31T09:51:02","guid":{"rendered":"http:\/\/www.binecuvantareaplantelor.ro\/site\/?post_type=product&#038;p=142"},"modified":"2020-07-19T11:06:23","modified_gmt":"2020-07-19T11:06:23","slug":"reishicordyceps-supliment-alimentar","status":"publish","type":"product","link":"https:\/\/www.binecuvantareaplantelor.ro\/site\/magazin\/produse-pentru-sanatatea-ta-cele-mai-benefice-produse-pentru-organism-iar-totul-este-100-natural\/supliment\/reishicordyceps-supliment-alimentar\/","title":{"rendered":"Reishi &#038; Cordyceps \u2013 supliment alimentar"},"content":{"rendered":"<p><strong>Reishi (Ganoderma lucidum, Ling yhi)<\/strong><\/p>\n<p>Reishi sau Ganoderma este cea mai faimoasa ciuperca medicinala din lume, venerata de poporul chinez si japonez de peste 2000 de ani. Este numita \u201eciuperca nemuririi, marele protector imunitar, spiritual si mental\u201d, este extrem de rara, cunoscuta in Extremul Orient pentru eficienta in tratarea miraculoasa a unei game foarte mari de afectiuni.<\/p>\n<p>Japonia a inclus aceasta ciuperca in lista tratamentelor contra cancerului intrucit s-a dovedit ca poate: inhiba angiogeneza, metastazarea, poate induce apoptoza (moartea celulelor canceroase). Dar efectele benefice ale ciupercii Reishi nu se opresc la cancer, are efecte pozitive asupra circulatiei sanguine, asupra colesterolului si glicemiei, asupra procesului de imbatrinire a organelor interne. Actioneaza protector la nivelul celulei hepatice, ajuta la echilibrarea hormonala, contribuie la regenerarea celulelor nervoase, are efect detoxifiant exceptional, antialergic, antibacterian, antiparazitar, antiviral.<\/p>\n<p>Pe linga proteine, vitamine si aminoacizi, polizaharide, triterpene, acizi grasi si alcaloizi, Reishi este bogata in diferite forme de beta-glucani binecunoscuti pentru efectele lor anticancerigene si imunomodulatoare.<\/p>\n<p>Polizaharidele sunt substante organice de tip beta-glucan care s-au dovedit prin teste clinice ca activeaza componentele defensive anti-cancerigene ale sistemului imunitar.<\/p>\n<p>Datorita compozitiei ei in substante active, Reishi este astazi recunoscuta de lumea medicala pentru eficacitatea sa in sporirea sanatatii organismului si capacitatea de a mentine un tonus ridicat si o stare de sanatate generala buna.<\/p>\n<p><strong>Cordyceps<\/strong><\/p>\n<p>Ciuperca de larva chinezeasca, cunoscuta si sub numele de Cordyceps Sinensis creste in mlastina verde a platoului tibetan.<\/p>\n<p>Conform medicinei traditionale chineze s-au obtinut rezultate deosebite in: restabilirea energiei vitale, tonifierea si insanatosirea organismului, oprirea imbatrinirii, sustinerea functiei sexuale atit la barbati cit si la femei, tratarea impotentei, imbunatatirea memoriei si a somnului, restabilirea functiilor: rinichilor (insuficienta renala cronica), plaminilor (bronsite, astm bronsic), inimii (artimii, ischemie, insuficienta cardiaca), ficatului (hepatite, ciroze), profilaxia si tratarea diabetului, aterosclerozei, tromboflebitei, prevenirea si tratarea bolilor imunitare, restabilirea rapida a bolnavilor.<\/p>\n<p>Compozitia bogata in: proteine, aminoacizi, hidrocarbonati, grasimi, fibre brute, cordicemina, cordycepin (deoxyadenosin) si acid cordycepic (D-manitol), macroelemente (potasiu, sodiu, calciu), microelemente (fier, magneziu), vitaminele (A, D, E, K), peste 80 de fermenti, recomanda ciuperca persoanelor suprasolicitate, sau celor care doresc sa isi imbunataseasca sistemul imunitar.<\/p>\n<p><strong>Mod de administrare:<\/strong><\/p>\n<p>2 capsule pe zi: 1 capsula de Cordyceps dimineata si 1 capsula de Reishi seara.<\/p>\n","protected":false},"excerpt":{"rendered":"<div class=\"woocommerce-product-details__short-description\">\n<h3><strong>Tel. 0751 157 304\u00a0\u00a0<\/strong><\/h3>\n<p>Livrare prin curier rapid : 20 lei<\/p>\n<p><strong>TRANSPORT GRATUIT LA COMENZILE PESTE 150 LEI !<\/strong><\/p>\n<ul>\n<li><strong>Reishi<\/strong>\u00a0spore\u0219te s\u0103n\u0103tatea organismului \u0219i capacitatea de a men\u021bine un tonus ridicat \u0219i o stare de s\u0103n\u0103tate general\u0103 bun\u0103.<\/li>\n<li>Potrivit medicinei tradi\u021bionale chineze,<strong>\u00a0Cordyceps<\/strong>\u00a0este folosit\u0103 cu succes \u00een restabilirea energiei.<\/li>\n<\/ul>\n<p><em><strong>Recomandat pentru:<\/strong><\/em><br \/>\n\u2022 bron\u015fite<br \/>\n\u2022 pneumonii<br \/>\n\u2022 TBC<br \/>\n\u2022 astm<br \/>\n\u2022 infec\u0163ii urinare<br \/>\n\u2022 hepatite<br \/>\n\u2022 profilaxia cirozei hepatice<br \/>\n\u2022 cardiopatia ischemic\u0103<br \/>\n\u2022 miocardit\u0103<br \/>\n\u2022 boal\u0103 trombo-embolic\u0103<br \/>\n\u2022 adjuvant \u00een chimio \u015fi radioterapie<br \/>\n\u2022 detoxifierea organismului<br \/>\n\u2022 sus\u0163inerea organismului pe perioade de suprasolicitare fizic\u0103, psihic\u0103, intelectual\u0103<br \/>\n\u2022 optimizarea imunit\u0103\u0163ii<br \/>\n\u2022 cre\u015fterea tonusului general<\/p>\n<p>Mod de administrare:<br \/>\n2 capsule \/ zi: o capsul\u0103 de Cordyceps diminea\u0163a \u015fi o capsul\u0103 de Reishi seara.<\/p>\n<h5><\/h5>\n<\/div>\n<form class=\"cart\" action=\"http:\/\/binecuvantareaplantelor.ro\/produs\/reishi-cordyceps-supliment-alimentar\/\" enctype=\"multipart\/form-data\" method=\"post\"><\/form>\n","protected":false},"featured_media":144,"comment_status":"open","ping_status":"closed","template":"","meta":[],"product_brand":[],"product_cat":[7,10],"product_tag":[],"class_list":{"0":"post-142","1":"product","2":"type-product","3":"status-publish","4":"has-post-thumbnail","6":"product_cat-produse-pentru-sanatatea-ta-cele-mai-benefice-produse-pentru-organism-iar-totul-este-100-natural","7":"product_cat-supliment","9":"first","10":"instock","11":"sale","12":"taxable","13":"shipping-taxable","14":"purchasable","15":"product-type-simple"},"_links":{"self":[{"href":"https:\/\/www.binecuvantareaplantelor.ro\/site\/wp-json\/wp\/v2\/product\/142","targetHints":{"allow":["GET"]}}],"collection":[{"href":"https:\/\/www.binecuvantareaplantelor.ro\/site\/wp-json\/wp\/v2\/product"}],"about":[{"href":"https:\/\/www.binecuvantareaplantelor.ro\/site\/wp-json\/wp\/v2\/types\/product"}],"replies":[{"embeddable":true,"href":"https:\/\/www.binecuvantareaplantelor.ro\/site\/wp-json\/wp\/v2\/comments?post=142"}],"wp:featuredmedia":[{"embeddable":true,"href":"https:\/\/www.binecuvantareaplantelor.ro\/site\/wp-json\/wp\/v2\/media\/144"}],"wp:attachment":[{"href":"https:\/\/www.binecuvantareaplantelor.ro\/site\/wp-json\/wp\/v2\/media?parent=142"}],"wp:term":[{"taxonomy":"product_brand","embeddable":true,"href":"https:\/\/www.binecuvantareaplantelor.ro\/site\/wp-json\/wp\/v2\/product_brand?post=142"},{"taxonomy":"product_cat","embeddable":true,"href":"https:\/\/www.binecuvantareaplantelor.ro\/site\/wp-json\/wp\/v2\/product_cat?post=142"},{"taxonomy":"product_tag","embeddable":true,"href":"https:\/\/www.binecuvantareaplantelor.ro\/site\/wp-json\/wp\/v2\/product_tag?post=142"}],"curies":[{"name":"wp","href":"https:\/\/api.w.org\/{rel}","templated":true}]}}