{"id":153,"date":"2016-07-31T09:58:32","date_gmt":"2016-07-31T09:58:32","guid":{"rendered":"http:\/\/www.binecuvantareaplantelor.ro\/site\/?post_type=product&#038;p=153"},"modified":"2024-02-26T21:09:38","modified_gmt":"2024-02-26T21:09:38","slug":"turmeric-curcuma-100-natural","status":"publish","type":"product","link":"https:\/\/www.binecuvantareaplantelor.ro\/site\/magazin\/produse-pentru-sanatatea-ta-cele-mai-benefice-produse-pentru-organism-iar-totul-este-100-natural\/suc_natural\/turmeric-curcuma-100-natural\/","title":{"rendered":"Turmeric curcuma"},"content":{"rendered":"<p>Este un\u00a0<strong>suc<\/strong>\u00a0100%\u00a0<strong>pur din rizomi de curcuma \/ turmeric proaspat.<\/strong><\/p>\n<p>Este un suc obtinut prin presarea rizomilor de curcuma proaspata, obtinuta din agricultura ecologic\u0103, rizomii sunt cultivati f\u0103r\u0103 pesticide sau ingrasaminte chimice.<\/p>\n<p>Acest suc obtinut din seva curcuma proaspata se deosebeste fata de alte produse datorita compozitiei sale (turmeric proaspat) si tehnicii inovatoare de extractie care permite fixarea si pastrarea uleiurilor volatile din rizomi, pentru a capta si retine toti fitonutrienti si ingredientele active , unul din cei mai importanti fiind uleiul esential curcumin\u0103. <strong>Uleiul esential de turmeric proaspat activeaz\u0103 absorbtia curcuminei<\/strong>\u00a0in organism pentru o eficient\u0103 maxim\u0103, prin urmare, nu este nevoie, ca de exemplu la produsele obtinute din praf de curcuma, de piperina pentru ai mari capacitatea de absorbtie.<\/p>\n<p>Principalele virtuti ale curcumei sunt atribuite curcuminei, o\u00a0substanta cu o puternica actiune antioxidanta ce se gaseste in\u00a0proportie mare in compozitia ei\u00a0(peste 90%).<\/p>\n<p>Are capacitatea de a inhiba productia de citokine, compusi care stau la baza proceselor inflamatorii, curcumina este considerata <strong>cel mai puternic antiinflamator natural cunoscut pana in prezent<\/strong>, cu o putere comparabila cu a cortizonului.<\/p>\n<p>Sunt cunoscute pana in prezent peste 100 de afectiuni inflamatorii. Inflamatia nu este altceva decat o reactie a corpului fata de un agent patogen declansator.<\/p>\n<p>In ultimii ani a crescut chiar incidenta bolilor inflamatorii in randurile tinerilor, tot mai multi fiind afectati de boli inflamatorii intestinale.<\/p>\n<p>Curcuma se poate utiliza si pentru stimularea digestiei, in special pentru cresterea secretiei biliare si pentru tratarea unor afectiuni gastro-intestinale inflamatorii.<\/p>\n<p>Ajuta in cazul bolilor digestive, infectiilor cu bacteria Helicobacter pylori, Salmonella typhy etc., in constipatii, gastrite, colite etc. si impiedica formarea adenoamelor intestinale.<\/p>\n<p>Printre cele mai raspandite si cunoscute boli inflamatorii sunt bolile reumatice si articulare.<\/p>\n<p>Alte exemple de afectiuni inflamatorii:<\/p>\n<p>&#8211;\u00a0spondilita anchilozanta &#8211;\u00a0artrita\u00a0(osteoartrita,\u00a0artrita reumatoida,\u00a0artrita psoriazica) &#8211;\u00a0astmul &#8211;\u00a0unele boli cardiace si cardiovasculare\u00a0(ateroscleroza,\u00a0endocardita,\u00a0miocardita) &#8211;\u00a0bolile inflamatorii ale intestinului\u00a0(boala Chron, rectocolita ulcero hemoragica) &#8211;\u00a0boala inflamatorie pelvina &#8211;\u00a0colita &#8211;\u00a0diverticulita &#8211;\u00a0fibromialgia &#8211;\u00a0lupusul eritematos sistemic<\/p>\n<p><strong>\u00a0<\/strong><\/p>\n<p><strong>Curcuma este unul din cei mai puternici antioxidanti cunoscuti.<\/strong><\/p>\n<p>Antioxidantii sunt substante naturale cu proprietati benefice pentru organism, avand un rol protector in bolilor cardiovasculare, anumite cancere si alte boli legate de imbatranire.<\/p>\n<p>Un aport zilnic de antioxidanti &#8211; minim 5000 unitati ORAC \/ zi ne fereste de boli si intarzie efectele imbatranirii.<\/p>\n<p>Pe langa aceasta calitate a antioxidantilor un aport marit de antioxidanti ne poate ajuta pentru ameliorarea sau chiar vindecarea unor afectiuni grave.<\/p>\n<p>In situatii speciale (boli degenerative, boli acute, cancer, limfoame, leucemii, SIDA), se recomanda asigurarea a &gt;30.000-50.000 unit\u0103ti ORAC \/ zi (sau chiar mult mai mult) !!!<\/p>\n<p>15 ml suc de curcuma pe zi va aduce un aport de aproximativ 20.000 unitati ORAC in organism.<\/p>\n<p>Turmericul stimuleaza eliberarea bilei, creste capacitatea ficatului de a elimina toxinele, are actiune antimutagenica, anticancerigena, inhiba dezvoltarea tumorilor canceroase si a metastazelor (cancer de san, de stomac, de colon, de plamani, de piele), actiune antiinflamatorie, hepato-protectoare, antioxidanta, are proprietati antibiotice, antibacteriene, antivirale, imbunatateste circulatia, antiaterosclerotic, antiagregant plachetar, previne formarea trombilor vasculari, previne infarctul, purifica sangele, reduce nivelul colesterolului, previne boala Alzheimer si efectele ei prin dizolvarea microplacilor care se formeaza intre neuronii din creier, creste mobilitatea articulatiilor, tendoanelor, reduce tumefactia, febrifug, calmeaza tusea, durerea in gat, inmoaie secretiile bronsice, actiune hemostatica, cicatrizanta.<\/p>\n<p><strong>\u00a0<\/strong><\/p>\n<p><strong>Mod de administrare<\/strong> 15 ml (1 lingur\u0103) suc turmeric zilnic, pur sau diluat cu putin\u0103 ap\u0103 sau suc natural prospat de fructe neindulcit \u00a0De preferint\u0103 dimineata pe stomacul gol cu 15 &#8211; 30 de minute inainte de micul dejun daca nu exista o alta recomandare a medicului dumneavoastra curant.<\/p>\n<p><strong>\u00a0<\/strong><\/p>\n<p><strong>Atentionare<\/strong><\/p>\n<p>Persoanele care urmeaza un tratament cu anticoagulante trebuie sa foloseasca cu precautie turmericul si doar sub indicatia medicului.<\/p>\n","protected":false},"excerpt":{"rendered":"<h3><strong>Tel. 0751 157 304\u00a0\u00a0<\/strong><\/h3>\n<p>Livrare prin curier rapid : 20 lei<\/p>\n<p><strong>TRANSPORT GRATUIT LA COMENZILE PESTE 150 LEI !<\/strong><\/p>\n<ul>\n<li>Suc 100% pur ob\u021binut prin presarea rizomilor de turmeric proasp\u0103t.<\/li>\n<li>Cel mai puternic antiinflamator natural cunoscut, vindec\u0103 infec\u021biile \u0219i protejeaz\u0103 organismul.<\/li>\n<li>Unul dintre cei mai puternici antioxidan\u021bi cunoscu\u021bi.<\/li>\n<li>Pasteurizat instant \u00een ambalaj de sticl\u0103, nu con\u021bine conservan\u021bi, ap\u0103 sau al\u021bi aditivi.<\/li>\n<\/ul>\n<p><em><strong>Recomand\u0103ri<\/strong><\/em>:<br \/>\n\u2022 Stimularea <strong>digestiei,<\/strong> cre\u015fterea secre\u0163iei biliare, pentru alte afec\u0163iuni gastro-intestinale inflamatorii: boala Chron, rectocolit\u0103 ulcero hemoragic\u0103, boal\u0103 inflamatorie pelvin\u0103.<br \/>\n\u2022 Ajut\u0103 \u00een cazul bolilor digestive, <strong>infec\u0163iilor<\/strong> cu bacteria Helicobacter pylori, Salmonella typhi etc., \u00een constipa\u0163ii, gastrite, colite, \u00eempiedic\u0103 formarea adenoamelor intestinale.<br \/>\n\u2022 Boli <strong>reumatice<\/strong> \u015fi <strong>articulare<\/strong> &#8211; spondilit\u0103 anchilozant\u0103, artrit\u0103, osteoartrit\u0103, artrit\u0103 reumatoid\u0103, artrit\u0103 psoriazic\u0103 \u015fi altele.<br \/>\n\u2022 Rol protector \u00een bolile <strong>cardiovasculare,<\/strong> previne infarctul, \u00eembun\u0103t\u0103\u0163e\u015fte circula\u0163ia, purific\u0103 s\u00e2ngele, reduce colesterolul,<br \/>\nantiaterosclerotic, antiagregant plachetar, previne formarea trombilor vasculari.<br \/>\n\u2022 Boli legate de <strong>\u00eemb\u0103tr\u00e2nire,<\/strong> senilitate, previne boala Alzheimer.<br \/>\n\u2022 Cre\u015fte capacitatea ficatului de a elimina toxinele, rol <strong>hepatoprotector.<\/strong><br \/>\n\u2022 Ac\u0163iune antimutagenic\u0103, <strong>anticancerigen\u0103,<\/strong> inhib\u0103 dezvoltarea tumorilor canceroase \u015fi a metastatazelor.<br \/>\n\u2022 Are propriet\u0103\u0163i <strong>antibiotice, antibacteriene, antivirale<\/strong>.<br \/>\n\u2022 Reduce tumefac\u0163ia, <strong>febrifug,<\/strong> calmeaz\u0103 tusea, durerea \u00een g\u00e2t, \u00eenmoaie secre\u0163iile bron\u015fice, astmul.<br \/>\n\u2022 Are ac\u0163iune hemostatic\u0103, <strong>cicatrizant\u0103<\/strong>.<br \/>\n\u2022 Contribuie la restabilirea echilibrului organismului \u00een cazul <strong>afec\u021biunilor tiroidiene<\/strong>. \u00cen unele cazuri a suplinit cu succes lipsa administr\u0103rii de Euthirox.<\/p>\n<p>Cantitate: 250 ml<\/p>\n","protected":false},"featured_media":154,"comment_status":"open","ping_status":"closed","template":"","meta":[],"product_brand":[],"product_cat":[39,7,9],"product_tag":[],"class_list":{"0":"post-153","1":"product","2":"type-product","3":"status-publish","4":"has-post-thumbnail","6":"product_cat-sucuri-naturale","7":"product_cat-produse-pentru-sanatatea-ta-cele-mai-benefice-produse-pentru-organism-iar-totul-este-100-natural","8":"product_cat-suc_natural","10":"first","11":"instock","12":"sale","13":"taxable","14":"shipping-taxable","15":"purchasable","16":"product-type-simple"},"_links":{"self":[{"href":"https:\/\/www.binecuvantareaplantelor.ro\/site\/wp-json\/wp\/v2\/product\/153","targetHints":{"allow":["GET"]}}],"collection":[{"href":"https:\/\/www.binecuvantareaplantelor.ro\/site\/wp-json\/wp\/v2\/product"}],"about":[{"href":"https:\/\/www.binecuvantareaplantelor.ro\/site\/wp-json\/wp\/v2\/types\/product"}],"replies":[{"embeddable":true,"href":"https:\/\/www.binecuvantareaplantelor.ro\/site\/wp-json\/wp\/v2\/comments?post=153"}],"wp:featuredmedia":[{"embeddable":true,"href":"https:\/\/www.binecuvantareaplantelor.ro\/site\/wp-json\/wp\/v2\/media\/154"}],"wp:attachment":[{"href":"https:\/\/www.binecuvantareaplantelor.ro\/site\/wp-json\/wp\/v2\/media?parent=153"}],"wp:term":[{"taxonomy":"product_brand","embeddable":true,"href":"https:\/\/www.binecuvantareaplantelor.ro\/site\/wp-json\/wp\/v2\/product_brand?post=153"},{"taxonomy":"product_cat","embeddable":true,"href":"https:\/\/www.binecuvantareaplantelor.ro\/site\/wp-json\/wp\/v2\/product_cat?post=153"},{"taxonomy":"product_tag","embeddable":true,"href":"https:\/\/www.binecuvantareaplantelor.ro\/site\/wp-json\/wp\/v2\/product_tag?post=153"}],"curies":[{"name":"wp","href":"https:\/\/api.w.org\/{rel}","templated":true}]}}