{"id":159,"date":"2016-07-31T10:03:11","date_gmt":"2016-07-31T10:03:11","guid":{"rendered":"http:\/\/www.binecuvantareaplantelor.ro\/site\/?post_type=product&#038;p=159"},"modified":"2024-02-26T21:05:17","modified_gmt":"2024-02-26T21:05:17","slug":"goji-juice-organic-100","status":"publish","type":"product","link":"https:\/\/www.binecuvantareaplantelor.ro\/site\/magazin\/produse-pentru-sanatatea-ta-cele-mai-benefice-produse-pentru-organism-iar-totul-este-100-natural\/suc_natural\/goji-juice-organic-100\/","title":{"rendered":"Goji Juice organic 100% pur"},"content":{"rendered":"<p>Despre aceasta planta se vorbeste de peste 2000 de ani, din timpul dinastiei Tang. Medicina Traditionala Chinezeasca o recomanda in boli cronice ale ficatului, rinichiului, in diabet zaharat, in hipertensiune, in echilibrul Yin-Yang, etc. Fructele de Goji<strong>\u00a0<\/strong>au fost descoperite si folosite pentru mentinerea sanatatii si incetinirea procesului de imbatranire in China, Tibet si India. Datorita efectelor antioxidantilor pe care ii contin\u00a0fructele de Goji, au circulat de-a lungul timpului mai multe legende despre acestea: despre calugarii tibetani care beau apa dintr-o fantana langa care crestea goji si cadeau aceste fructe in fantana si erau sanatosi la varste de peste 80 de ani, vaile din China si Tibet unde creste goji si oamenii de acolo care traiesc peste 100 de ani, legenda lui Li Ching-Yuen care se spune ca a trait 256 de ani si consuma in fiecare dimineata o farfurie cu supa de goji.<\/p>\n<p>Nu este vorba doar de longevitatea persoanelor care consuma goji ci si despre starea lor de sanatate excelenta la varste inaintate.<\/p>\n<p>Acest suc\/piure este obtinut din fructe de goji coapte, 100 % organice presate. Sucul este innobilat cu acid citric natural care il alcalinizeaza.<\/p>\n<p><strong>Ce contine Goji?<\/strong><\/p>\n<p>&#8211; 18 amino acizi care formeaza un bloc de proteine si contin 8 substante necesare vietii, precum izoleucina si tritofan.<\/p>\n<p>&#8211; 21 de microelemente, cum ar fi: fier, magneziu, potasiu, cupru, calciu, fosfor, zinc si germaniu &#8211; agent anticancerigen care se regaseste foarte rar in alimente. Acesta\u00a0creste abilitatea corpului sa produca g-interferon. Interferonul este un element important de care corpul are nevoie in\u00a0<strong>lupta contra cancerului. Principalul constituent al Goji este Lycium Barbarum Polizaharidic \u2013 LBP. Conform unor studii LBP ajuta pacientii cu cancer la reconstituirea celulelor albe din sange, sporind fagocitele si activitatea fagocitara legata de celulele canceroase, inmultind major numarul de celule T.<\/strong> &#8211; mai multa vitamina C decat citricele; este al doilea in lume ca si continut de vitamina C. &#8211; vitamina A, cu efect antioxidant, un rol important in imbunatatirea vederii; contine o gama completa de antioxidanti carotenoizi, inclusiv beta-caroten si zeaxantina. Are cea mai mare sursa de carotenoizi dintre toate alimentele cunoscute. Beta-carotenul este cel mai bine cunoscut nutrient pentru retina. &#8211; vitamina E, care se regaseste foarte rar in fructe, puternic antioxidant, previne aparitia si evolutia aterosclerozei; &#8211; vitaminele B1 (Thiamine), B2 (Riboflavin) si B6 &#8211; necesare proceselor biochimice de transformare a hranei in energie; ajuta metabolismul.<\/p>\n<p>&#8211; este o sursa foarte bogata\u00a0de seleniu (singurul fruct care contine seleniu), mareste eficienta chimioterapiei si reduce toxicitatea drogurilor.<\/p>\n<p>&#8211; 8 polizaharide si 6 monozaharide &#8211; 5 acizi grasi nesaturati, incluzand acid linoleic, acid alfa-linolenic, acid beta-sitosterol si alti fitosteroli.<\/p>\n<p><strong>Despre antioxidanti :<\/strong><\/p>\n<p>Nu de mult timp a fost stabilita si o masura a puterii anti-oxidante a unor vegetale, numita ORAC (oxigen radical absorbance capacity = capacitatea de absorbtie a radicalilor liberi ai oxigenului), in functie de cantitatea de anti-oxidanti care este continuta in diverse plante. Antioxidantii consolideaza sistemul imunitar, permeabilizeaza peretii celulari si ataca radicalii liberi inainte ca acestia sa deterioreze AND-ul nucleului celulei.<\/p>\n<p>Pentru a se mentine intr-o forma deplina de sanatate, dar si pentru a NU face cancer, un om trebuie sa introduca zilnic in organism o cantitate de vegetale, care sa-i asigure un optim de &gt; 5.000 unitati ORAC \/ zi, insa in lipsa unor factori pro-oxidanti semnificativi !!!<\/p>\n<p>In situatii speciale (boli degenerative, boli acute, cancer, limfoame, leucemii, SIDA), se recomanda asigurarea a &gt;30.000-50.000 unitati ORAC \/ zi (sau chiar mult mai mult) !!!<\/p>\n<p><strong>25.300 puncte ORAC 100 grame fructe de goji<\/strong><\/p>\n<p>Despre aceasta planta se vorbeste de peste 2000 de ani, din timpul dinastiei Tang. Medicina Traditionala Chinezeasca o recomanda in boli cronice ale ficatului, rinichiului, in diabet zaharat, in hipertensiune, in echilibrul Yin-Yang, etc.<\/p>\n<ul>\n<li><strong>Este puternic antioxidant<\/strong>, intareste inima si sistemul imunitar,\u00a0<strong>reduce efectele procesului de imbatranire<\/strong>.<\/li>\n<li>Stimuleaza producerea si reproducerea celulelor sangelui precum si regenerarea si vindecarea mai rapida a ranilor.<\/li>\n<li>Este o sursa naturala de energie pentru corpul uman si pe termen lung ajuta la\u00a0<strong>cresterea longevitatii<\/strong>.<\/li>\n<li>Are efect energizant, usor constatabil.<\/li>\n<\/ul>\n<p><strong>\u00a0<\/strong><\/p>\n<p><strong>Recomandari de utilizare:<\/strong><\/p>\n<p>Se recomanda consumul a 30 ml pana la 50 ml de suc pe zi, pur sau in amestec cu suc de fructe inainte de micul dejun.<\/p>\n<p><strong>Conditii de pastrare<\/strong>:<\/p>\n<p>A se agita inainte de intrebuintare. Se pastreaza intr-un loc intunecat si racoros, iar odata deschis, se pastreaza la frigider si se consuma in termen de 15 zile.<\/p>\n","protected":false},"excerpt":{"rendered":"<h3><strong>Tel. 0751 157 304\u00a0\u00a0<\/strong><\/h3>\n<p>Livrare prin curier rapid : 20 lei<\/p>\n<p><strong>TRANSPORT GRATUIT LA COMENZILE PESTE 150 LEI !<\/strong><\/p>\n<p><strong>Super fructul tinere\u0163ii \u015fi longevit\u0103\u0163ii<\/strong><\/p>\n<p>Acest suc\/piure este ob\u0163inut din fructe de goji coapte, 100% organice, presate la rece, f\u0103r\u0103 adaos de ap\u0103 sau alte substan\u0163e. Sucul este \u00eennobilat cu acid citric natural care \u00eel alcalinizeaz\u0103.<\/p>\n<ul>\n<li>Pasteurizat instant \u00een ambalaj de sticl\u0103, nu con\u021bine conservan\u021bi sau al\u021bi aditivi.<\/li>\n<\/ul>\n<p>Despre aceasta plant\u0103 se vorbe\u015fte de peste 2000 de ani, din timpul dinastiei Tang. Medicina Tradi\u0163ional\u0103 Chinezeasc\u0103 o recomand\u0103 \u00een boli cronice ale ficatului, rinichiului, \u00een diabet zaharat, \u00een hipertensiune, \u00een echilibrul Yin-Yang.<\/p>\n<p>Exist\u0103 multe legende despre acest fruct miraculos, toate confirm\u00e2nd contribu\u0163ia lui la starea de s\u0103n\u0103tate, longevitate, mobilitate, energie \u015fi vitalitate p\u00e2n\u0103 la v\u00e2rste \u00eenaintate. Consum\u00e2nd goji toate efectele \u00eemb\u0103tr\u00e2nirii organismului sunt \u00eent\u00e2rziate.<\/p>\n<p><em><strong>Propriet\u0103\u0163i:<\/strong><\/em><br \/>\n\u2022 Puternic antioxidant, \u00eent\u0103re\u015fte inima \u015fi sistemul imunitar, reduce efectele proceselor de \u00eemb\u0103tr\u00e2nire \u015fi degenerare.<br \/>\n\u2022 Aport important de nutrien\u0163i: minerale, vitamine, aminoacizi, acizi gra\u015fi nesatura\u0163i.<br \/>\n\u2022 Stimuleaz\u0103 producerea \u015fi reproducerea celulelor s\u00e2ngelui precum \u015fi regenerarea \u015fi vindecarea mai rapid\u0103 a r\u0103nilor.<br \/>\n\u2022 Surs\u0103 natural\u0103 de energie pentru corpul uman \u015fi pe termen lung ajut\u0103 la cre\u015fterea longevit\u0103\u0163ii.<\/p>\n<p>Cantitate: 500 ml<\/p>\n","protected":false},"featured_media":160,"comment_status":"open","ping_status":"closed","template":"","meta":[],"product_brand":[],"product_cat":[39,7,9],"product_tag":[],"class_list":{"0":"post-159","1":"product","2":"type-product","3":"status-publish","4":"has-post-thumbnail","6":"product_cat-sucuri-naturale","7":"product_cat-produse-pentru-sanatatea-ta-cele-mai-benefice-produse-pentru-organism-iar-totul-este-100-natural","8":"product_cat-suc_natural","10":"first","11":"instock","12":"sale","13":"taxable","14":"shipping-taxable","15":"purchasable","16":"product-type-simple"},"_links":{"self":[{"href":"https:\/\/www.binecuvantareaplantelor.ro\/site\/wp-json\/wp\/v2\/product\/159","targetHints":{"allow":["GET"]}}],"collection":[{"href":"https:\/\/www.binecuvantareaplantelor.ro\/site\/wp-json\/wp\/v2\/product"}],"about":[{"href":"https:\/\/www.binecuvantareaplantelor.ro\/site\/wp-json\/wp\/v2\/types\/product"}],"replies":[{"embeddable":true,"href":"https:\/\/www.binecuvantareaplantelor.ro\/site\/wp-json\/wp\/v2\/comments?post=159"}],"wp:featuredmedia":[{"embeddable":true,"href":"https:\/\/www.binecuvantareaplantelor.ro\/site\/wp-json\/wp\/v2\/media\/160"}],"wp:attachment":[{"href":"https:\/\/www.binecuvantareaplantelor.ro\/site\/wp-json\/wp\/v2\/media?parent=159"}],"wp:term":[{"taxonomy":"product_brand","embeddable":true,"href":"https:\/\/www.binecuvantareaplantelor.ro\/site\/wp-json\/wp\/v2\/product_brand?post=159"},{"taxonomy":"product_cat","embeddable":true,"href":"https:\/\/www.binecuvantareaplantelor.ro\/site\/wp-json\/wp\/v2\/product_cat?post=159"},{"taxonomy":"product_tag","embeddable":true,"href":"https:\/\/www.binecuvantareaplantelor.ro\/site\/wp-json\/wp\/v2\/product_tag?post=159"}],"curies":[{"name":"wp","href":"https:\/\/api.w.org\/{rel}","templated":true}]}}