{"id":40,"date":"2016-07-31T08:41:55","date_gmt":"2016-07-31T08:41:55","guid":{"rendered":"http:\/\/www.binecuvantareaplantelor.ro\/site\/?post_type=product&#038;p=40"},"modified":"2020-07-19T13:56:46","modified_gmt":"2020-07-19T13:56:46","slug":"100ml-crema-bio-tip-unguent-cu-venin-de-vipera","status":"publish","type":"product","link":"https:\/\/www.binecuvantareaplantelor.ro\/site\/magazin\/terapie\/crema\/100ml-crema-bio-tip-unguent-cu-venin-de-vipera\/","title":{"rendered":"100ml &#8211; Crema BIO tip unguent cu Venin de Vipera"},"content":{"rendered":"<p>Crema tip unguent pe baza de <strong>VENIN DE VIPERA<\/strong>, cu salvie, salcie si echinacea<\/p>\n<p>Crema pe baza de de venin de vipera este un\u00a0produs ORGANIC, rom\u00e2nesc, cu un bogat continut enzimatic ce-i confera propietati unice si specifice,\u00a0recomandat in:<\/p>\n<p>\u2022 nevralgii (durere localizata pe traiectul unui\u00a0nerv)<\/p>\n<p>\u2022 artralgii (dureri articulare)<\/p>\n<p>\u2022 mialgii (dureri musculare)<\/p>\n<p>\u2022 dureri post-traumatice<\/p>\n<p><strong>Utilizare recomandata:<\/strong><\/p>\n<p>Pentru durerile articulare \u0219i durerile reumatice \u00a0la nivelul: genunchilor, coatelor, gleznelor, degetelor de la m\u00e2ini \u0219i picioare, \u0219oldurilor, baza coloanei vertebrale cat si\u00a0migrene, dureri musculare dupa efort fizic, dureri menstruale sau \u00a0dureri post-traumatice se aplica crema\u00a0\u00eentr-o cantitate de m\u0103rimea unui bob de maz\u0103re \u0219i se\u00a0\u00eentinde bine prin masaj u\u0219or p\u00e2n\u0103 la absorb\u021bia \u00een piele.<\/p>\n","protected":false},"excerpt":{"rendered":"<h3><strong>Tel. 0751 157 304\u00a0\u00a0<\/strong><\/h3>\n<p>Livrare prin curier rapid : 20 lei<\/p>\n<p><strong>TRANSPORT GRATUIT LA COMENZILE PESTE 150 LEI !<\/strong><\/p>\n<ul>\n<li>nevralgii (durere localizat\u0103 pe traiectul unui nerv)<\/li>\n<li>artralgii (dureri articulare)<\/li>\n<li>mialgii (dureri musculare)<\/li>\n<li>dureri post-traumatice<\/li>\n<\/ul>\n","protected":false},"featured_media":41,"comment_status":"open","ping_status":"closed","template":"","meta":[],"product_brand":[],"product_cat":[14,15],"product_tag":[],"class_list":{"0":"post-40","1":"product","2":"type-product","3":"status-publish","4":"has-post-thumbnail","6":"product_cat-terapie","7":"product_cat-crema","9":"first","10":"instock","11":"sale","12":"taxable","13":"shipping-taxable","14":"purchasable","15":"product-type-simple"},"_links":{"self":[{"href":"https:\/\/www.binecuvantareaplantelor.ro\/site\/wp-json\/wp\/v2\/product\/40","targetHints":{"allow":["GET"]}}],"collection":[{"href":"https:\/\/www.binecuvantareaplantelor.ro\/site\/wp-json\/wp\/v2\/product"}],"about":[{"href":"https:\/\/www.binecuvantareaplantelor.ro\/site\/wp-json\/wp\/v2\/types\/product"}],"replies":[{"embeddable":true,"href":"https:\/\/www.binecuvantareaplantelor.ro\/site\/wp-json\/wp\/v2\/comments?post=40"}],"wp:featuredmedia":[{"embeddable":true,"href":"https:\/\/www.binecuvantareaplantelor.ro\/site\/wp-json\/wp\/v2\/media\/41"}],"wp:attachment":[{"href":"https:\/\/www.binecuvantareaplantelor.ro\/site\/wp-json\/wp\/v2\/media?parent=40"}],"wp:term":[{"taxonomy":"product_brand","embeddable":true,"href":"https:\/\/www.binecuvantareaplantelor.ro\/site\/wp-json\/wp\/v2\/product_brand?post=40"},{"taxonomy":"product_cat","embeddable":true,"href":"https:\/\/www.binecuvantareaplantelor.ro\/site\/wp-json\/wp\/v2\/product_cat?post=40"},{"taxonomy":"product_tag","embeddable":true,"href":"https:\/\/www.binecuvantareaplantelor.ro\/site\/wp-json\/wp\/v2\/product_tag?post=40"}],"curies":[{"name":"wp","href":"https:\/\/api.w.org\/{rel}","templated":true}]}}