{"id":450,"date":"2017-07-25T21:15:50","date_gmt":"2017-07-25T21:15:50","guid":{"rendered":"http:\/\/www.binecuvantareaplantelor.ro\/site\/?post_type=product&#038;p=450"},"modified":"2024-02-26T21:01:25","modified_gmt":"2024-02-26T21:01:25","slug":"otet-bluekombucell","status":"publish","type":"product","link":"https:\/\/www.binecuvantareaplantelor.ro\/site\/magazin\/produse-pentru-sanatatea-ta-cele-mai-benefice-produse-pentru-organism-iar-totul-este-100-natural\/supliment\/otet-bluekombucell\/","title":{"rendered":"Otet BlueKOMBUCELL"},"content":{"rendered":"<h2>DETALII PRODUS<\/h2>\n<div class=\"tabproddesc\">\n<p>&nbsp;<\/p>\n<p><strong>Otetul 100 % natural de Kombucca<\/strong>\u00a0in care s-au fermentat ingrediente valoroase mentinerii si redobandirii sanatatii noastre cum ar fi: turmeric, ghimbir, ardei iute \u2013 chilly, pulbere graviola, seminte de dovleac, samburi de caise, busuioc se utilizeaza la aromarea salatelor si preparatelor in care se foloseste otetul, dar vine cu un plus de arome si beneficii pentru sanatatea noastra.<\/p>\n<p>&nbsp;<\/p>\n<p>Cercetarile biologiei moleculare au aratat ca in corpul fiecarui om exista de 10 ori mai multe celule microbiene dec\u00e2t celule care compun organismul uman, iar numarul genelor microbiene il depaseste de 150 de ori pe cel al genelor umane. Ne putem da seama ca raportul dintre bacteriile benefice si cele daunatoare este unul foarte important pentru starea noastra de sanatate.<\/p>\n<p>&nbsp;<\/p>\n<p>Rela\u0163ia noastra cu bacteriile care traiesc in noi este una simbiotica: in schimbul hranei, ele ne ajuta sa digeram alimentele, sa producem vitaminele de care avem nevoie si sa ne intarim sistemul imunitar. Sistemul imunitar trebuie sa tolereze mii de specii de bacterii inoffensive, acestea joaca un rol important in lupta impotriva agen\u0163ilor patogeni &#8211; bacteriile \u201erele\u201d.<\/p>\n<p><strong>Mod de utilizare :<\/strong><\/p>\n<p>Se pulverizeaza pe salate sau alte mancaruri dupa gust.<\/p>\n<\/div>\n","protected":false},"excerpt":{"rendered":"<h3><strong>Tel. 0751 157 304\u00a0\u00a0<\/strong><\/h3>\n<p>Livrare prin curier rapid : 20 lei<\/p>\n<p><strong>TRANSPORT GRATUIT LA COMENZILE PESTE 150 LEI !<\/strong><\/p>\n<div class=\"woocommerce-product-details__short-description\">\n<ul>\n<li>Aroma sanatoas\u0103 a salatelor \u0219i m\u00e2nc\u0103rurilor!<\/li>\n<li>O\u021bet 100 % natural de Kombucha \u00een care au fermentat ingrediente valoroase men\u021binerii \u0219i redob\u00e2ndirii s\u0103n\u0103t\u0103\u021bii noastre.<\/li>\n<\/ul>\n<\/div>\n<form class=\"cart\" action=\"http:\/\/binecuvantareaplantelor.ro\/produs\/otet-bluekombucell\/\" enctype=\"multipart\/form-data\" method=\"post\"><\/form>\n<p>&nbsp;<\/p>\n","protected":false},"featured_media":451,"comment_status":"open","ping_status":"closed","template":"","meta":[],"product_brand":[],"product_cat":[39,10],"product_tag":[],"class_list":{"0":"post-450","1":"product","2":"type-product","3":"status-publish","4":"has-post-thumbnail","6":"product_cat-sucuri-naturale","7":"product_cat-supliment","9":"first","10":"instock","11":"sale","12":"taxable","13":"shipping-taxable","14":"purchasable","15":"product-type-simple"},"_links":{"self":[{"href":"https:\/\/www.binecuvantareaplantelor.ro\/site\/wp-json\/wp\/v2\/product\/450","targetHints":{"allow":["GET"]}}],"collection":[{"href":"https:\/\/www.binecuvantareaplantelor.ro\/site\/wp-json\/wp\/v2\/product"}],"about":[{"href":"https:\/\/www.binecuvantareaplantelor.ro\/site\/wp-json\/wp\/v2\/types\/product"}],"replies":[{"embeddable":true,"href":"https:\/\/www.binecuvantareaplantelor.ro\/site\/wp-json\/wp\/v2\/comments?post=450"}],"wp:featuredmedia":[{"embeddable":true,"href":"https:\/\/www.binecuvantareaplantelor.ro\/site\/wp-json\/wp\/v2\/media\/451"}],"wp:attachment":[{"href":"https:\/\/www.binecuvantareaplantelor.ro\/site\/wp-json\/wp\/v2\/media?parent=450"}],"wp:term":[{"taxonomy":"product_brand","embeddable":true,"href":"https:\/\/www.binecuvantareaplantelor.ro\/site\/wp-json\/wp\/v2\/product_brand?post=450"},{"taxonomy":"product_cat","embeddable":true,"href":"https:\/\/www.binecuvantareaplantelor.ro\/site\/wp-json\/wp\/v2\/product_cat?post=450"},{"taxonomy":"product_tag","embeddable":true,"href":"https:\/\/www.binecuvantareaplantelor.ro\/site\/wp-json\/wp\/v2\/product_tag?post=450"}],"curies":[{"name":"wp","href":"https:\/\/api.w.org\/{rel}","templated":true}]}}