{"id":51,"date":"2016-07-31T08:53:24","date_gmt":"2016-07-31T08:53:24","guid":{"rendered":"http:\/\/www.binecuvantareaplantelor.ro\/site\/?post_type=product&#038;p=51"},"modified":"2020-07-19T13:44:27","modified_gmt":"2020-07-19T13:44:27","slug":"bio-deo-plus-deodorant-hipoalergenic-cu-protectie-24h","status":"publish","type":"product","link":"https:\/\/www.binecuvantareaplantelor.ro\/site\/magazin\/ingrijire\/corp\/bio-deo-plus-deodorant-hipoalergenic-cu-protectie-24h\/","title":{"rendered":"BIO DEO Plus \u2013 Deodorant hipoalergenic cu protec\u021bie 24h"},"content":{"rendered":"<p>Bio Deo Plus este un deodorant delicat cu pielea, o mentine uscata si reimprospatata pe durata intregii zile. Formula delicata nu blocheaza porii. Previne si neutralizeaza mirosul neplacut.<\/p>\n<p>Este potrivit pentru toate tipurile de piele, fiind hipoalergenic.<\/p>\n<p><strong>Mod de utilizare:<\/strong><\/p>\n<p>O cantitate mica este suficienta pentru un efect pe durata intregii zile. Aplicati pe pielea curata si uscata. Doar pentru uz extern.<\/p>\n","protected":false},"excerpt":{"rendered":"<h3><strong>Tel. 0751 157 304\u00a0\u00a0<\/strong><\/h3>\n<p>Livrare prin curier rapid : 20 lei<\/p>\n<p><strong>TRANSPORT GRATUIT LA COMENZILE PESTE 150 LEI !<\/strong><\/p>\n<ul>\n<li>re\u00eemprosp\u0103teaz\u0103<\/li>\n<li>protejeaz\u0103<\/li>\n<li>men\u021bine pielea uscat\u0103<\/li>\n<\/ul>\n","protected":false},"featured_media":52,"comment_status":"open","ping_status":"closed","template":"","meta":[],"product_brand":[],"product_cat":[11,12],"product_tag":[],"class_list":{"0":"post-51","1":"product","2":"type-product","3":"status-publish","4":"has-post-thumbnail","6":"product_cat-ingrijire","7":"product_cat-corp","9":"first","10":"instock","11":"sale","12":"taxable","13":"shipping-taxable","14":"purchasable","15":"product-type-simple"},"_links":{"self":[{"href":"https:\/\/www.binecuvantareaplantelor.ro\/site\/wp-json\/wp\/v2\/product\/51","targetHints":{"allow":["GET"]}}],"collection":[{"href":"https:\/\/www.binecuvantareaplantelor.ro\/site\/wp-json\/wp\/v2\/product"}],"about":[{"href":"https:\/\/www.binecuvantareaplantelor.ro\/site\/wp-json\/wp\/v2\/types\/product"}],"replies":[{"embeddable":true,"href":"https:\/\/www.binecuvantareaplantelor.ro\/site\/wp-json\/wp\/v2\/comments?post=51"}],"wp:featuredmedia":[{"embeddable":true,"href":"https:\/\/www.binecuvantareaplantelor.ro\/site\/wp-json\/wp\/v2\/media\/52"}],"wp:attachment":[{"href":"https:\/\/www.binecuvantareaplantelor.ro\/site\/wp-json\/wp\/v2\/media?parent=51"}],"wp:term":[{"taxonomy":"product_brand","embeddable":true,"href":"https:\/\/www.binecuvantareaplantelor.ro\/site\/wp-json\/wp\/v2\/product_brand?post=51"},{"taxonomy":"product_cat","embeddable":true,"href":"https:\/\/www.binecuvantareaplantelor.ro\/site\/wp-json\/wp\/v2\/product_cat?post=51"},{"taxonomy":"product_tag","embeddable":true,"href":"https:\/\/www.binecuvantareaplantelor.ro\/site\/wp-json\/wp\/v2\/product_tag?post=51"}],"curies":[{"name":"wp","href":"https:\/\/api.w.org\/{rel}","templated":true}]}}