{"id":55,"date":"2016-07-31T08:57:20","date_gmt":"2016-07-31T08:57:20","guid":{"rendered":"http:\/\/www.binecuvantareaplantelor.ro\/site\/?post_type=product&#038;p=55"},"modified":"2020-07-19T13:41:25","modified_gmt":"2020-07-19T13:41:25","slug":"gel-pentru-igiena-intima-cu-vitamina-e-si-acid-lactic","status":"publish","type":"product","link":"https:\/\/www.binecuvantareaplantelor.ro\/site\/magazin\/ingrijire\/corp\/gel-pentru-igiena-intima-cu-vitamina-e-si-acid-lactic\/","title":{"rendered":"Gel pentru igiena intim\u0103 cu vitamina E \u0219i acid lactic"},"content":{"rendered":"<p>Formula speciala si delicata de reimprospatare a zonei intime externe care ajuta la mentinerea unui pH sanatos. Datorita compozitiei sale naturale, care con\u021bine vitamina E \u0219i acid lactic, gelul intim are un efect de reechilibrare, respectand in acelasi timp aciditatea fiziologica a membranelor mucoasei, protejand partile cele mai intime ale corpului nostru de factorii externi. Este printre putinele produse de igiena intima care este imbogatit cu proteina naturala de soia cat si cu un complex pretios de extracte naturale, cunoscut pentru propriet\u0103\u021bile sale decongestive.<\/p>\n<p><strong>Mod de utilizare:<\/strong> Turnati putin gel in palma si masati usor. Clatiti din abundenta cu apa calduta. Doar pentru uz extern.<\/p>\n<p><strong>Recomandari:<\/strong> Efecte benefice maxime la utilizare zilnica. Confera o senzatie placuta de curatenie si confort \u00a0chiar si \u00een timpul menstrua\u021biei, pe caldura sau perioade de stres.<\/p>\n","protected":false},"excerpt":{"rendered":"<h3><strong>Tel. 0751 157 304\u00a0\u00a0<\/strong><\/h3>\n<p>Livrare prin curier rapid : 20 lei<\/p>\n<p><strong>TRANSPORT GRATUIT LA COMENZILE PESTE 150 LEI !<\/strong><\/p>\n<ul>\n<li>Con\u021bine Vitamina E, acid lactic \u0219i protein\u0103 natural\u0103 de soia.<\/li>\n<li>Formul\u0103 special\u0103 \u0219i delicat\u0103 de re\u00eemprosp\u0103tare a zonei intime externe.<\/li>\n<li>Confer\u0103 o senza\u021bie pl\u0103cut\u0103 de cur\u0103\u021benie \u0219i confort.<\/li>\n<\/ul>\n","protected":false},"featured_media":57,"comment_status":"open","ping_status":"closed","template":"","meta":[],"product_brand":[],"product_cat":[11,12],"product_tag":[],"class_list":{"0":"post-55","1":"product","2":"type-product","3":"status-publish","4":"has-post-thumbnail","6":"product_cat-ingrijire","7":"product_cat-corp","9":"first","10":"instock","11":"sale","12":"taxable","13":"shipping-taxable","14":"purchasable","15":"product-type-simple"},"_links":{"self":[{"href":"https:\/\/www.binecuvantareaplantelor.ro\/site\/wp-json\/wp\/v2\/product\/55","targetHints":{"allow":["GET"]}}],"collection":[{"href":"https:\/\/www.binecuvantareaplantelor.ro\/site\/wp-json\/wp\/v2\/product"}],"about":[{"href":"https:\/\/www.binecuvantareaplantelor.ro\/site\/wp-json\/wp\/v2\/types\/product"}],"replies":[{"embeddable":true,"href":"https:\/\/www.binecuvantareaplantelor.ro\/site\/wp-json\/wp\/v2\/comments?post=55"}],"wp:featuredmedia":[{"embeddable":true,"href":"https:\/\/www.binecuvantareaplantelor.ro\/site\/wp-json\/wp\/v2\/media\/57"}],"wp:attachment":[{"href":"https:\/\/www.binecuvantareaplantelor.ro\/site\/wp-json\/wp\/v2\/media?parent=55"}],"wp:term":[{"taxonomy":"product_brand","embeddable":true,"href":"https:\/\/www.binecuvantareaplantelor.ro\/site\/wp-json\/wp\/v2\/product_brand?post=55"},{"taxonomy":"product_cat","embeddable":true,"href":"https:\/\/www.binecuvantareaplantelor.ro\/site\/wp-json\/wp\/v2\/product_cat?post=55"},{"taxonomy":"product_tag","embeddable":true,"href":"https:\/\/www.binecuvantareaplantelor.ro\/site\/wp-json\/wp\/v2\/product_tag?post=55"}],"curies":[{"name":"wp","href":"https:\/\/api.w.org\/{rel}","templated":true}]}}