{"id":58,"date":"2016-07-31T08:58:17","date_gmt":"2016-07-31T08:58:17","guid":{"rendered":"http:\/\/www.binecuvantareaplantelor.ro\/site\/?post_type=product&#038;p=58"},"modified":"2020-07-19T13:39:07","modified_gmt":"2020-07-19T13:39:07","slug":"slim-crema-remodelatoare-anticelulitica-cu-venin-de-vipera","status":"publish","type":"product","link":"https:\/\/www.binecuvantareaplantelor.ro\/site\/magazin\/ingrijire\/corp\/slim-crema-remodelatoare-anticelulitica-cu-venin-de-vipera\/","title":{"rendered":"SLIM Crema remodelatoare anticelulitica cu venin de vipera"},"content":{"rendered":"<p>Combate cauzele si formele de manifestare a celulitei. Activeaza microcirculatia (<strong>iedera<\/strong>, <strong>ardeiul iute<\/strong>, <strong>ienuparul<\/strong> si <strong>vitamina E<\/strong>), are actiune solubilizanta (<strong>nuca<\/strong> si <strong>algele<\/strong>), impiedica stocarea excesiva a grasimilor in tesuturi, reduce edemele celulitice (<strong>mesteacanul<\/strong> si <strong>magneziul<\/strong>), restabileste metabolismul la nivelul pielii (<strong>argila<\/strong> si <strong>vitamina C<\/strong>), impiedica fenomenul de imbatranire si deteriorare prematura a tesutului conjunctiv cutanat, tonifica si are actiune restructuranta asupra epidermei infiltrate cu depozite celulitice (<strong>coada calului<\/strong> si <strong>musetelul<\/strong>).<\/p>\n<p><strong>Veninul de vipera<\/strong> stimuleaza producerea de colagen, oferind elasticitate pielii si are efect antiinflamator si analgezic la nivel local.<\/p>\n<p><strong>Mod de utilizare<\/strong>: se aplica si se maseaza pana la absorbtia ei completa in piele.<\/p>\n","protected":false},"excerpt":{"rendered":"<h3><strong>Tel. 0751 157 304\u00a0\u00a0<\/strong><\/h3>\n<p>Livrare prin curier rapid : 20 lei<\/p>\n<p><strong>TRANSPORT GRATUIT LA COMENZILE PESTE 150 LEI !<\/strong><\/p>\n<p>Combate cauzele \u0219i formele de manifestare a celulitei. Activeaz\u0103 microcircula\u021bia (<strong>iedera<\/strong>,\u00a0<strong>ardeiul iute<\/strong>,\u00a0<strong>ienup\u0103rul<\/strong>\u00a0\u0219i\u00a0<strong>vitamina E<\/strong>), are ac\u021biune solubilizant\u0103 (<strong>nuca<\/strong>\u00a0\u0219i\u00a0<strong>algele<\/strong>), \u00eempiedic\u0103 stocarea excesiv\u0103 a gr\u0103similor \u00een \u021besuturi, reduce edemele celulitice (<strong>mesteacanul<\/strong>\u00a0\u0219i\u00a0<strong>magneziul<\/strong>), restabile\u0219te metabolismul la nivelul pielii (<strong>argila<\/strong>\u00a0\u0219i\u00a0<strong>vitamina C<\/strong>), \u00eempiedic\u0103 fenomenul de \u00eemb\u0103tr\u00e2nire \u0219i deteriorare prematur\u0103 a \u021besutului conjunctiv cutanat, tonific\u0103 \u0219i are ac\u021biune restructurant\u0103 asupra epidermei infiltrate cu depozite celulitice (<strong>coada calului<\/strong>\u00a0\u0219i\u00a0<strong>musetelul<\/strong>).<\/p>\n<p><strong>Veninul de viper\u0103<\/strong>\u00a0stimuleaz\u0103 producerea de colagen, oferind elasticitate pielii \u0219i are efect antiinflamator \u0219i analgezic la nivel local.<\/p>\n<p><strong>Mod de utilizare<\/strong>: se aplic\u0103 \u0219i se maseaz\u0103 p\u00e2n\u0103 la absorb\u021bia ei complet\u0103 \u00een piele.<\/p>\n","protected":false},"featured_media":623,"comment_status":"open","ping_status":"closed","template":"","meta":[],"product_brand":[],"product_cat":[11,12],"product_tag":[],"class_list":{"0":"post-58","1":"product","2":"type-product","3":"status-publish","4":"has-post-thumbnail","6":"product_cat-ingrijire","7":"product_cat-corp","9":"first","10":"instock","11":"sale","12":"taxable","13":"shipping-taxable","14":"purchasable","15":"product-type-simple"},"_links":{"self":[{"href":"https:\/\/www.binecuvantareaplantelor.ro\/site\/wp-json\/wp\/v2\/product\/58","targetHints":{"allow":["GET"]}}],"collection":[{"href":"https:\/\/www.binecuvantareaplantelor.ro\/site\/wp-json\/wp\/v2\/product"}],"about":[{"href":"https:\/\/www.binecuvantareaplantelor.ro\/site\/wp-json\/wp\/v2\/types\/product"}],"replies":[{"embeddable":true,"href":"https:\/\/www.binecuvantareaplantelor.ro\/site\/wp-json\/wp\/v2\/comments?post=58"}],"wp:featuredmedia":[{"embeddable":true,"href":"https:\/\/www.binecuvantareaplantelor.ro\/site\/wp-json\/wp\/v2\/media\/623"}],"wp:attachment":[{"href":"https:\/\/www.binecuvantareaplantelor.ro\/site\/wp-json\/wp\/v2\/media?parent=58"}],"wp:term":[{"taxonomy":"product_brand","embeddable":true,"href":"https:\/\/www.binecuvantareaplantelor.ro\/site\/wp-json\/wp\/v2\/product_brand?post=58"},{"taxonomy":"product_cat","embeddable":true,"href":"https:\/\/www.binecuvantareaplantelor.ro\/site\/wp-json\/wp\/v2\/product_cat?post=58"},{"taxonomy":"product_tag","embeddable":true,"href":"https:\/\/www.binecuvantareaplantelor.ro\/site\/wp-json\/wp\/v2\/product_tag?post=58"}],"curies":[{"name":"wp","href":"https:\/\/api.w.org\/{rel}","templated":true}]}}