{"id":60,"date":"2016-07-31T08:59:13","date_gmt":"2016-07-31T08:59:13","guid":{"rendered":"http:\/\/www.binecuvantareaplantelor.ro\/site\/?post_type=product&#038;p=60"},"modified":"2020-07-19T13:37:00","modified_gmt":"2020-07-19T13:37:00","slug":"intense-crema-nutritiva-pentru-ten-ridat-cu-pudra-de-diamant-si-venin-de-vipera-ammodytes","status":"publish","type":"product","link":"https:\/\/www.binecuvantareaplantelor.ro\/site\/magazin\/ingrijire\/corp\/intense-crema-nutritiva-pentru-ten-ridat-cu-pudra-de-diamant-si-venin-de-vipera-ammodytes\/","title":{"rendered":"Intense &#8211; crem\u0103 nutritiv\u0103 pentru ten ridat cu pudr\u0103 de Diamant \u0219i venin de Viper\u0103 Ammodytes"},"content":{"rendered":"<p>Pentru ten ridat cu: pudr\u0103 de Diamant, venin de Viper\u0103 Ammodytes, spirulin\u0103, ulei de argan bio, ulei de avocado, extract din 11 plante, extract din germeni de gr\u00e2u, ulei de m\u0103sline bio, miere, vit. A, vit. E.<\/p>\n<p><strong>La solicitarea Blue Diamond Generation<\/strong> <strong>, MB Ammodytes<\/strong>, \u00een colaborare cu <strong>Laboratoarele FAVISAN<\/strong>, au creat o nou\u0103 formul\u0103, unic\u0103 \u00een lume, pe baza a doi factori de unicitate: pudra de diamant \u0219i veninul de Viper\u0103 Ammodytes.<\/p>\n<p><strong>INTENSE<\/strong> con\u021bine un ingredient special: pulbere extra-fin\u0103 de diamant. Echipa de cercetare a descoperit c\u0103 produsele de \u00eengrijire a pielii care con\u021bin pulbere de diamant exfoliaz\u0103 u\u0219or stratul superior al pielii, permitand vitaminelor \u0219i ingredientelor din componen\u021ba ei s\u0103 p\u0103trund\u0103 mai ad\u00e2nc \u0219i mai eficient \u00een derm\u0103, \u00eencetinind vizibil procesele de \u00eemb\u0103tr\u00e2nire.<\/p>\n<p>Un alt beneficiu este c\u0103 particulele acestei pulberi fine se fixeaz\u0103 \u00een liniile fine ale fe\u021bei, \u0219i reflect\u0103 subtil o lumin\u0103 albastr\u0103 invizibil\u0103 cu ochiul liber, cre\u00e2nd un aspect luminos \u0219i radiant, reduc\u00e2nd puternic apari\u021bia ridurilor.\u00a0 Ca urmare, utilizarea regulat\u0103 a produsului INTENSE, genereaz\u0103 o piele mai fin\u0103, mai str\u0103lucitoare, \u0219i mai t\u00e2n\u0103r\u0103. Spirulina\u00a0 \u00eencetine\u015fte procesul de \u00eemb\u0103tr\u00e2nire \u015fi ajut\u0103 la regenerarea celular\u0103. Uleiurile de avocado \u015fi argan hr\u0103nesc pielea, \u00eei redau str\u0103lucirea \u015fi catifelarea iar \u00eempreun\u0103 cu untul de cacao o protejeaz\u0103 \u00eempotriva razelor UV. Uleiul de m\u0103sline, germenii de gr\u00e2u, extractul de 11 plante \u015fi mierea hidrateaz\u0103, nel\u0103s\u00e2nd senza\u0163ia de piele gras\u0103. Vitamina A are efecte de \u00eentinerire \u015fi regenerare, iar vitamina E este un bun antioxidant \u015fi neteze\u015fte tenul.<\/p>\n<p><strong>Mod de utilizare:<\/strong> Se aplic\u0103 diminea\u0163a \u015fi seara pe fa\u0163\u0103, g\u00e2t \u015fi decolteu. Se maseaz\u0103 u\u015for, p\u00e2n\u0103 c\u00e2nd crema se absoarbe \u00een totalitate.<\/p>\n<p><strong>Ingrediente:\u00a0<\/strong>aqua,\u00a0olive oil*, stearine, glycerin, mel,\u00a0cacao butter*, cetyl alcohol, Triticum germinatum,\u00a0FaviBeauty oil (11 plants), Argania spinosa oil*,\u00a0Avocado oil, Potassim sorbate, natural aroma FVS,\u00a0Retynyl palmitate,\u00a0Tocopherol, venin de viper\u0103 Ammodytes, pudra de diamant, Spirulina Platensis<\/p>\n<p>*ingrediente provenite din agricultura biologic\u0103<\/p>\n","protected":false},"excerpt":{"rendered":"<h3><strong>Tel. 0751 157 304\u00a0\u00a0<\/strong><\/h3>\n<p>Livrare prin curier rapid : 20 lei<\/p>\n<p><strong>TRANSPORT GRATUIT LA COMENZILE PESTE 150 LEI !<\/strong><\/p>\n<ul>\n<li>Creeaz\u0103 un aspect luminos \u0219i radiant.<\/li>\n<li>Reduce puternic apari\u021bia ridurilor.<\/li>\n<li>Creeaz\u0103 o piele mai fin\u0103.<\/li>\n<\/ul>\n","protected":false},"featured_media":61,"comment_status":"open","ping_status":"closed","template":"","meta":[],"product_brand":[],"product_cat":[11,12],"product_tag":[],"class_list":{"0":"post-60","1":"product","2":"type-product","3":"status-publish","4":"has-post-thumbnail","6":"product_cat-ingrijire","7":"product_cat-corp","9":"first","10":"instock","11":"sale","12":"taxable","13":"shipping-taxable","14":"purchasable","15":"product-type-simple"},"_links":{"self":[{"href":"https:\/\/www.binecuvantareaplantelor.ro\/site\/wp-json\/wp\/v2\/product\/60","targetHints":{"allow":["GET"]}}],"collection":[{"href":"https:\/\/www.binecuvantareaplantelor.ro\/site\/wp-json\/wp\/v2\/product"}],"about":[{"href":"https:\/\/www.binecuvantareaplantelor.ro\/site\/wp-json\/wp\/v2\/types\/product"}],"replies":[{"embeddable":true,"href":"https:\/\/www.binecuvantareaplantelor.ro\/site\/wp-json\/wp\/v2\/comments?post=60"}],"wp:featuredmedia":[{"embeddable":true,"href":"https:\/\/www.binecuvantareaplantelor.ro\/site\/wp-json\/wp\/v2\/media\/61"}],"wp:attachment":[{"href":"https:\/\/www.binecuvantareaplantelor.ro\/site\/wp-json\/wp\/v2\/media?parent=60"}],"wp:term":[{"taxonomy":"product_brand","embeddable":true,"href":"https:\/\/www.binecuvantareaplantelor.ro\/site\/wp-json\/wp\/v2\/product_brand?post=60"},{"taxonomy":"product_cat","embeddable":true,"href":"https:\/\/www.binecuvantareaplantelor.ro\/site\/wp-json\/wp\/v2\/product_cat?post=60"},{"taxonomy":"product_tag","embeddable":true,"href":"https:\/\/www.binecuvantareaplantelor.ro\/site\/wp-json\/wp\/v2\/product_tag?post=60"}],"curies":[{"name":"wp","href":"https:\/\/api.w.org\/{rel}","templated":true}]}}