{"id":64,"date":"2016-07-31T09:02:35","date_gmt":"2016-07-31T09:02:35","guid":{"rendered":"http:\/\/www.binecuvantareaplantelor.ro\/site\/?post_type=product&#038;p=64"},"modified":"2020-07-19T13:33:25","modified_gmt":"2020-07-19T13:33:25","slug":"argan-gel-de-dus-cu-ulei-de-argan-si-extract-de-coada-calului","status":"publish","type":"product","link":"https:\/\/www.binecuvantareaplantelor.ro\/site\/magazin\/ingrijire\/corp\/argan-gel-de-dus-cu-ulei-de-argan-si-extract-de-coada-calului\/","title":{"rendered":"Argan Gel de du\u0219 cu ulei de argan \u0219i extract de coada calului"},"content":{"rendered":"<p><strong>Honey Gel de dus cu ulei de argan si extract de coada calului <\/strong>este un gel de dus care hraneste, hidrateaza si curata delicat pielea ta. Consistenta irezistibil de cremoasa garanteaza hidratarea pielii, lasand-o matasoasa si placuta la atingere. Parfumul delicat reimprospateaza atat vorpul cat si mintea. Este potrivit pentru toate tipurile de piele.<\/p>\n<p><strong>Mod de utilizare:<\/strong><\/p>\n<p>Aplicati o cantintate redusa de gel pe pielea uda si masati usor pentru a obinte o spuma densa. Clatiti apoi bine cu apa.<\/p>\n","protected":false},"excerpt":{"rendered":"<h3><strong>Tel. 0751 157 304\u00a0\u00a0<\/strong><\/h3>\n<p>Livrare prin curier rapid : 20 lei<\/p>\n<p><strong>TRANSPORT GRATUIT LA COMENZILE PESTE 150 LEI !<\/strong><\/p>\n<ul>\n<li>Hr\u0103ne\u0219te, hidrateaz\u0103 \u0219i cur\u0103\u021b\u0103 delicat pielea ta.<\/li>\n<li>Parfumul discret re\u00eemprosp\u0103teaz\u0103 \u0219i relaxeaz\u0103.<\/li>\n<li>Gel de du\u0219 cremos care garanteaz\u0103 hidratarea pielii.<\/li>\n<\/ul>\n","protected":false},"featured_media":65,"comment_status":"open","ping_status":"closed","template":"","meta":[],"product_brand":[],"product_cat":[11,12],"product_tag":[],"class_list":{"0":"post-64","1":"product","2":"type-product","3":"status-publish","4":"has-post-thumbnail","6":"product_cat-ingrijire","7":"product_cat-corp","9":"first","10":"instock","11":"sale","12":"taxable","13":"shipping-taxable","14":"purchasable","15":"product-type-simple"},"_links":{"self":[{"href":"https:\/\/www.binecuvantareaplantelor.ro\/site\/wp-json\/wp\/v2\/product\/64","targetHints":{"allow":["GET"]}}],"collection":[{"href":"https:\/\/www.binecuvantareaplantelor.ro\/site\/wp-json\/wp\/v2\/product"}],"about":[{"href":"https:\/\/www.binecuvantareaplantelor.ro\/site\/wp-json\/wp\/v2\/types\/product"}],"replies":[{"embeddable":true,"href":"https:\/\/www.binecuvantareaplantelor.ro\/site\/wp-json\/wp\/v2\/comments?post=64"}],"wp:featuredmedia":[{"embeddable":true,"href":"https:\/\/www.binecuvantareaplantelor.ro\/site\/wp-json\/wp\/v2\/media\/65"}],"wp:attachment":[{"href":"https:\/\/www.binecuvantareaplantelor.ro\/site\/wp-json\/wp\/v2\/media?parent=64"}],"wp:term":[{"taxonomy":"product_brand","embeddable":true,"href":"https:\/\/www.binecuvantareaplantelor.ro\/site\/wp-json\/wp\/v2\/product_brand?post=64"},{"taxonomy":"product_cat","embeddable":true,"href":"https:\/\/www.binecuvantareaplantelor.ro\/site\/wp-json\/wp\/v2\/product_cat?post=64"},{"taxonomy":"product_tag","embeddable":true,"href":"https:\/\/www.binecuvantareaplantelor.ro\/site\/wp-json\/wp\/v2\/product_tag?post=64"}],"curies":[{"name":"wp","href":"https:\/\/api.w.org\/{rel}","templated":true}]}}