{"id":75,"date":"2016-07-31T09:09:16","date_gmt":"2016-07-31T09:09:16","guid":{"rendered":"http:\/\/www.binecuvantareaplantelor.ro\/site\/?post_type=product&#038;p=75"},"modified":"2020-07-19T13:14:06","modified_gmt":"2020-07-19T13:14:06","slug":"piatra-magica-aftershave-cristal-antibacterian-alaun-de-potasiu","status":"publish","type":"product","link":"https:\/\/www.binecuvantareaplantelor.ro\/site\/magazin\/ingrijire\/corp\/piatra-magica-aftershave-cristal-antibacterian-alaun-de-potasiu\/","title":{"rendered":"PIATRA MAGICA &#8211; Aftershave cristal antibacterian alaun de potasiu"},"content":{"rendered":"<p>Piatra de alaun este o alternativa naturala la aftershave-ul conventional.<\/p>\n<p>Este compusa 100% din cristale de Alaun de Potasiu, care are rol antiseptic prin faptul ca inhiba dezvoltarea bacteriilor. Calmeaza pielea, previne cresterea parului sub piele si opreste sangerarile de la taieturi superficiale.<\/p>\n<p><strong>\u00a0<\/strong><\/p>\n<p><strong>Mod de folosire:<\/strong> \u00a0Umeziti piatra si frecati-o usor pe piele. Repetati miscarile de 2-3 ori. O pelicula invizibila se depune pe piele, rezultata din topirea sarurilor. Daca piatra nu aluneca usor pe piele este nevoie sa adaugati mai multa apa. Dupa utilizare clatiti piatra si pastrati-o la loc uscat.<\/p>\n<p><strong>\u00a0<\/strong><\/p>\n<p><strong>Recomandari:<\/strong>\u00a0 Pentru toate tipurile de piele.<\/p>\n<p><strong>Sfaturi aditionale:<\/strong> Poate fi folosita si in tratamentul acneei.<\/p>\n","protected":false},"excerpt":{"rendered":"<h3><strong>Tel. 0751 157 304\u00a0\u00a0<\/strong><\/h3>\n<p>Livrare prin curier rapid : 20 lei<\/p>\n<p><strong>TRANSPORT GRATUIT LA COMENZILE PESTE 150 LEI !<\/strong><\/p>\n<ul>\n<li>Alternativa natural\u0103 pentru aftershave-ul conven\u021bional.<\/li>\n<li>Are rol antiseptic prin faptul c\u0103 inhib\u0103 dezvoltarea bacteriilor.<\/li>\n<li>Calmeaz\u0103 pielea, previne cre\u0219terea p\u0103rului sub piele \u0219i opre\u0219te s\u00e2nger\u0103rile de la t\u0103ieturi superficiale.<\/li>\n<\/ul>\n","protected":false},"featured_media":76,"comment_status":"open","ping_status":"closed","template":"","meta":[],"product_brand":[],"product_cat":[11,12],"product_tag":[],"class_list":{"0":"post-75","1":"product","2":"type-product","3":"status-publish","4":"has-post-thumbnail","6":"product_cat-ingrijire","7":"product_cat-corp","9":"first","10":"instock","11":"sale","12":"taxable","13":"shipping-taxable","14":"purchasable","15":"product-type-simple"},"_links":{"self":[{"href":"https:\/\/www.binecuvantareaplantelor.ro\/site\/wp-json\/wp\/v2\/product\/75","targetHints":{"allow":["GET"]}}],"collection":[{"href":"https:\/\/www.binecuvantareaplantelor.ro\/site\/wp-json\/wp\/v2\/product"}],"about":[{"href":"https:\/\/www.binecuvantareaplantelor.ro\/site\/wp-json\/wp\/v2\/types\/product"}],"replies":[{"embeddable":true,"href":"https:\/\/www.binecuvantareaplantelor.ro\/site\/wp-json\/wp\/v2\/comments?post=75"}],"wp:featuredmedia":[{"embeddable":true,"href":"https:\/\/www.binecuvantareaplantelor.ro\/site\/wp-json\/wp\/v2\/media\/76"}],"wp:attachment":[{"href":"https:\/\/www.binecuvantareaplantelor.ro\/site\/wp-json\/wp\/v2\/media?parent=75"}],"wp:term":[{"taxonomy":"product_brand","embeddable":true,"href":"https:\/\/www.binecuvantareaplantelor.ro\/site\/wp-json\/wp\/v2\/product_brand?post=75"},{"taxonomy":"product_cat","embeddable":true,"href":"https:\/\/www.binecuvantareaplantelor.ro\/site\/wp-json\/wp\/v2\/product_cat?post=75"},{"taxonomy":"product_tag","embeddable":true,"href":"https:\/\/www.binecuvantareaplantelor.ro\/site\/wp-json\/wp\/v2\/product_tag?post=75"}],"curies":[{"name":"wp","href":"https:\/\/api.w.org\/{rel}","templated":true}]}}