{"id":83,"date":"2016-07-31T09:13:24","date_gmt":"2016-07-31T09:13:24","guid":{"rendered":"http:\/\/www.binecuvantareaplantelor.ro\/site\/?post_type=product&#038;p=83"},"modified":"2020-07-19T13:10:26","modified_gmt":"2020-07-19T13:10:26","slug":"piatra-magica-deodorant-cristal-antibacterian-alaun-de-potasiu-2","status":"publish","type":"product","link":"https:\/\/www.binecuvantareaplantelor.ro\/site\/magazin\/ingrijire\/corp\/piatra-magica-deodorant-cristal-antibacterian-alaun-de-potasiu-2\/","title":{"rendered":"PIATRA MAGICA &#8211; deodorant cristal antibacterian Alaun de potasiu"},"content":{"rendered":"<p>Protec\u021bie natural\u0103 \u00eempotriva mirosului de transpira\u021bie, at\u00e2t pentru femei c\u00e2t \u0219i pentru b\u0103rba\u021bi. Piatra de alaun este o alternativ\u0103 natural\u0103 la deodorantele conven\u0163ionale. Este compus\u0103 100% din cristale de Alaun de Potasiu. Deodorantul deshidrateaz\u0103 bacteriile de pe piele care produc miros neplacut.<\/p>\n<p>Nu are miros propriu, nu con\u021bine parfum, este complet sigur pentru organism, nu con\u0163ine compu\u015fi chimici periculo\u015fi, nu blocheaz\u0103 porii.\u00a0Hipoalergenic, elimina mirosurile,nu p\u0103teaz\u0103, f\u0103r\u0103 parabeni, f\u0103r\u0103 alchool, asigura o protec\u021bie 24 h impotriva mirosului transpiratiei.<\/p>\n<p><strong>Mod de utilizare:<\/strong>\u00a0Se aplic\u0103 pe pielea umed\u0103, sau se umeze\u0219te piatra, aceasta form\u00e2nd o pelicul\u0103 fin\u0103, s\u0103rat\u0103, u\u0219or alcalin\u0103 la suprafa\u021ba pielii, prevenind dezvoltarea bacteriilor responsabile de mirosurile nepl\u0103cute.<\/p>\n<p><strong>Recomandari:<\/strong>\u00a0Poate fi folosit at\u00e2t de femei c\u00e2t \u0219i de c\u0103tre b\u0103rba\u021bi. Deodorantul poate fi folosit si dup\u0103 ras pentru calmarea pielii iritate \u0219i ajut\u0103 la vindecarea r\u0103nilor \u0219i oprirea s\u00e2nger\u0103rilor &#8211; men\u021bine\u021bi c\u00e2teva minute contactul cristalului cu rana.<\/p>\n","protected":false},"excerpt":{"rendered":"<h3><strong>Tel. 0751 157 304\u00a0\u00a0<\/strong><\/h3>\n<p>Livrare prin curier rapid : 20 lei<\/p>\n<p><strong>TRANSPORT GRATUIT LA COMENZILE PESTE 150 LEI !<\/strong><\/p>\n<ul>\n<li>Protec\u021bie natural\u0103 \u00eempotriva mirosului de transpira\u021bie, at\u00e2t pentru femei c\u00e2t \u0219i pentru b\u0103rba\u021bi.<\/li>\n<li>Nu are miros propriu, nu con\u021bine parfum, este complet sigur pentru organism, nu con\u0163ine compu\u015fi chimici periculo\u015fi, nu blocheaz\u0103 porii.<\/li>\n<\/ul>\n","protected":false},"featured_media":84,"comment_status":"open","ping_status":"closed","template":"","meta":[],"product_brand":[],"product_cat":[11,12],"product_tag":[],"class_list":{"0":"post-83","1":"product","2":"type-product","3":"status-publish","4":"has-post-thumbnail","6":"product_cat-ingrijire","7":"product_cat-corp","9":"first","10":"instock","11":"sale","12":"taxable","13":"shipping-taxable","14":"purchasable","15":"product-type-simple"},"_links":{"self":[{"href":"https:\/\/www.binecuvantareaplantelor.ro\/site\/wp-json\/wp\/v2\/product\/83","targetHints":{"allow":["GET"]}}],"collection":[{"href":"https:\/\/www.binecuvantareaplantelor.ro\/site\/wp-json\/wp\/v2\/product"}],"about":[{"href":"https:\/\/www.binecuvantareaplantelor.ro\/site\/wp-json\/wp\/v2\/types\/product"}],"replies":[{"embeddable":true,"href":"https:\/\/www.binecuvantareaplantelor.ro\/site\/wp-json\/wp\/v2\/comments?post=83"}],"wp:featuredmedia":[{"embeddable":true,"href":"https:\/\/www.binecuvantareaplantelor.ro\/site\/wp-json\/wp\/v2\/media\/84"}],"wp:attachment":[{"href":"https:\/\/www.binecuvantareaplantelor.ro\/site\/wp-json\/wp\/v2\/media?parent=83"}],"wp:term":[{"taxonomy":"product_brand","embeddable":true,"href":"https:\/\/www.binecuvantareaplantelor.ro\/site\/wp-json\/wp\/v2\/product_brand?post=83"},{"taxonomy":"product_cat","embeddable":true,"href":"https:\/\/www.binecuvantareaplantelor.ro\/site\/wp-json\/wp\/v2\/product_cat?post=83"},{"taxonomy":"product_tag","embeddable":true,"href":"https:\/\/www.binecuvantareaplantelor.ro\/site\/wp-json\/wp\/v2\/product_tag?post=83"}],"curies":[{"name":"wp","href":"https:\/\/api.w.org\/{rel}","templated":true}]}}