{"id":94,"date":"2016-07-31T09:20:20","date_gmt":"2016-07-31T09:20:20","guid":{"rendered":"http:\/\/www.binecuvantareaplantelor.ro\/site\/?post_type=product&#038;p=94"},"modified":"2020-07-19T13:02:24","modified_gmt":"2020-07-19T13:02:24","slug":"laminaktiva-balsam-profesional-cu-keratina-pentru-reconstructia-capilara","status":"publish","type":"product","link":"https:\/\/www.binecuvantareaplantelor.ro\/site\/magazin\/ingrijire\/par\/laminaktiva-balsam-profesional-cu-keratina-pentru-reconstructia-capilara\/","title":{"rendered":"LaminAktiva \u2013 Balsam profesional cu keratina pentru reconstruc\u021bia capilar\u0103"},"content":{"rendered":"<p>Combinand avantajele tehnologiei moderne cu ingredientele active, gama LaminAktiva deschide noi perspective in domeniul reconstructiei parului deteriorat.<\/p>\n<p>Balsamul LaminAktiva impregneaza firul de par cu keratina, proteina care se afla in mod natural in structura firului de par.<\/p>\n<p>Actioneaza activ pentru a proteja parul impotriva efectelor nocive. Este formulat de catre specialisti pentru a hidrata in profunzime firul de par, dupa samponare, conferindu-i sanatatea naturala pe care ar trebui sa o aiba. De la un par uscat, afectat de factori externi ca vopsirea, frigul, caldura excesiva, parul tau devine suplu, hidratat, stralucitor si usor de pieptanat.<\/p>\n<p>Infuzia de keratina pe care o primeste parul tau promite urmatoarele beneficii:<\/p>\n<ul>\n<li><strong>Repara<\/strong> firul de par<\/li>\n<li><strong>Hidrateaza<\/strong> parul in profunzime, lasand senzatia de par moale si perfect curat<\/li>\n<li><strong>Fortifica<\/strong> parul de la radacina pana la varfuri<\/li>\n<li>Confera <strong>stralucire<\/strong> si <strong>luciu<\/strong> intens<\/li>\n<li>Dupa spalare parul se poate <strong>coafa<\/strong> usor fiind extrem de hidratat<\/li>\n<li><strong>Textura<\/strong> firului de par isi recapata <strong>flexibilitatea<\/strong><\/li>\n<li><strong>Varfurile <\/strong>casante, despicate si uscate vor face parte din trecut dupa doar cateva spalari<\/li>\n<li><strong>Remineralizeaza <\/strong>structura firului de par<\/li>\n<li><strong>Sigileaza <\/strong>firul de par pentru a preveni ruperea<\/li>\n<\/ul>\n<p>Gama profesionala LaminAktiva da rezultate intr-un termen scurt, dupa primele aplicari vei simti diferenta.<\/p>\n<p>Aceasta gama ti se potriveste daca parul tau are urmatoarele probleme:<\/p>\n<ul>\n<li>Este fin\/subtire sau dimpotriva, ai firul gros, greu de aranjat<\/li>\n<li>Este indisciplinat si rebel<\/li>\n<li>Este agresat mecanic (coafat des cu aparate ce folosesc temperaturi inalte ca placa, foehnul, ondulatorul)<\/li>\n<li>Are deficit de keratina, proteina VITALA pentru un par sanatos<\/li>\n<li>Nu are forta<\/li>\n<li>Este vopsit, decolorat, tern<\/li>\n<\/ul>\n<p>Nu uita! Podoaba capilara nu este formata doar din fire de par. Scalpul joaca un rol important pentru sanatatea integrala a parului tau! Daca scalpul nu este sanatos si intretinut corespunzator secreta prea mult sau prea putin sebum, daca scalpul este uscat cel mai probabil apare si matreata, etc. Gama LaminAktiva are grija de fiecare parte ce alcatuieste firul de par, de la scalp pana la varfuri. Keratina din aceasta gama va deveni prietena ta cea mai buna!<\/p>\n<p><strong>Mod de utilizare:<\/strong><\/p>\n<p>Aplicati o cantitate mica de produs pe parul proaspat spalat, lasati sa actioneze cateva minute iar apoi clatiti bine. Pentru efecte maxime se recomanda folosirea impreuna cu LaminAktiva \u2013 Sampon profesional cu keratina<\/p>\n","protected":false},"excerpt":{"rendered":"<h3><strong>Tel. 0751 157 304\u00a0\u00a0<\/strong><\/h3>\n<p>Livrare prin curier rapid : 20 lei<\/p>\n<p><strong>TRANSPORT GRATUIT LA COMENZILE PESTE 150 LEI !<\/strong><\/p>\n<ul>\n<li>Infuzeaz\u0103 keratina \u00een firul de p\u0103r.<\/li>\n<li>Hidrateaz\u0103 intensiv p\u0103rul.<\/li>\n<li>Suprafa\u021ba capilar\u0103 este re\u00eent\u0103rit\u0103 pentru un p\u0103r des, flexibil \u0219i puternic.<\/li>\n<\/ul>\n","protected":false},"featured_media":95,"comment_status":"open","ping_status":"closed","template":"","meta":[],"product_brand":[],"product_cat":[11,13],"product_tag":[],"class_list":{"0":"post-94","1":"product","2":"type-product","3":"status-publish","4":"has-post-thumbnail","6":"product_cat-ingrijire","7":"product_cat-par","9":"first","10":"instock","11":"sale","12":"taxable","13":"shipping-taxable","14":"purchasable","15":"product-type-simple"},"_links":{"self":[{"href":"https:\/\/www.binecuvantareaplantelor.ro\/site\/wp-json\/wp\/v2\/product\/94","targetHints":{"allow":["GET"]}}],"collection":[{"href":"https:\/\/www.binecuvantareaplantelor.ro\/site\/wp-json\/wp\/v2\/product"}],"about":[{"href":"https:\/\/www.binecuvantareaplantelor.ro\/site\/wp-json\/wp\/v2\/types\/product"}],"replies":[{"embeddable":true,"href":"https:\/\/www.binecuvantareaplantelor.ro\/site\/wp-json\/wp\/v2\/comments?post=94"}],"wp:featuredmedia":[{"embeddable":true,"href":"https:\/\/www.binecuvantareaplantelor.ro\/site\/wp-json\/wp\/v2\/media\/95"}],"wp:attachment":[{"href":"https:\/\/www.binecuvantareaplantelor.ro\/site\/wp-json\/wp\/v2\/media?parent=94"}],"wp:term":[{"taxonomy":"product_brand","embeddable":true,"href":"https:\/\/www.binecuvantareaplantelor.ro\/site\/wp-json\/wp\/v2\/product_brand?post=94"},{"taxonomy":"product_cat","embeddable":true,"href":"https:\/\/www.binecuvantareaplantelor.ro\/site\/wp-json\/wp\/v2\/product_cat?post=94"},{"taxonomy":"product_tag","embeddable":true,"href":"https:\/\/www.binecuvantareaplantelor.ro\/site\/wp-json\/wp\/v2\/product_tag?post=94"}],"curies":[{"name":"wp","href":"https:\/\/api.w.org\/{rel}","templated":true}]}}